{"id":69,"date":"2020-01-27T08:05:29","date_gmt":"2020-01-27T08:05:29","guid":{"rendered":"https:\/\/demosites.io\/web-agency-gb\/?page_id=69"},"modified":"2020-01-27T08:05:29","modified_gmt":"2020-01-27T08:05:29","slug":"15c42-web-agency-gb-portfolio","status":"publish","type":"page","link":"https:\/\/dicasdorei.com\/bs\/15c42-web-agency-gb-portfolio\/","title":{"rendered":"Portfolio"},"content":{"rendered":"<html><body><div class=\"wp-block-cover alignfull has-nv-site-bg-background-color has-background-dim\" style=\"min-height:300px;aspect-ratio:unset;\"><div class=\"wp-block-cover__inner-container is-layout-flow wp-block-cover-is-layout-flow\">\n<div class=\"wp-block-group\"><div class=\"wp-block-group__inner-container is-layout-flow wp-block-group-is-layout-flow\">\n<h1 class=\"has-text-align-left has-neve-text-color-color has-text-color wp-block-heading\">Portfolio<\/h1>\n<\/div><\/div>\n<\/div><\/div>\n\n\n\n<div class=\"wp-block-cover alignfull has-nv-light-bg-background-color has-background-dim\" style=\"min-height:600px;aspect-ratio:unset;\"><div class=\"wp-block-cover__inner-container is-layout-flow wp-block-cover-is-layout-flow\">\n<div class=\"wp-block-group\"><div class=\"wp-block-group__inner-container is-layout-flow wp-block-group-is-layout-flow\">\n<div style=\"height:80px\" aria-hidden=\"true\" class=\"wp-block-spacer\"><\/div>\n\n\n\n<div class=\"wp-block-columns are-vertically-aligned-center is-layout-flex wp-container-core-columns-is-layout-1 wp-block-columns-is-layout-flex\">\n<div class=\"wp-block-column is-vertically-aligned-center is-layout-flow wp-block-column-is-layout-flow\" style=\"flex-basis:50%\">\n<figure class=\"wp-block-image size-large\"><img loading=\"lazy\" decoding=\"async\" width=\"600\" height=\"600\" src=\"http:\/\/dicasdorei.com\/wp-content\/uploads\/2020\/01\/neve-web-design-bg-10.jpg\" alt=\"\" class=\"wp-image-37\" srcset=\"https:\/\/dicasdorei.com\/wp-content\/uploads\/2020\/01\/neve-web-design-bg-10.jpg 600w, https:\/\/dicasdorei.com\/wp-content\/uploads\/2020\/01\/neve-web-design-bg-10-400x400.jpg 400w, https:\/\/dicasdorei.com\/wp-content\/uploads\/2020\/01\/neve-web-design-bg-10-280x280.jpg 280w, https:\/\/dicasdorei.com\/wp-content\/uploads\/2020\/01\/neve-web-design-bg-10-12x12.jpg 12w, https:\/\/dicasdorei.com\/wp-content\/uploads\/2020\/01\/neve-web-design-bg-10-72x72.jpg 72w\" sizes=\"auto, (max-width: 600px) 100vw, 600px\" \/><\/figure>\n\n\n\n<h3 class=\"has-text-align-center has-neve-text-color-color has-text-color wp-block-heading\">Web stranica Buzz-a<\/h3>\n\n\n\n<p class=\"has-text-align-center has-neve-text-color-color has-text-color\">Lorem ipsum dolor sit amet, consectetur adipiscing elit. Ut elit tellus, luctus nec ullamcorper mattis.<\/p>\n\n\n\n<div class=\"wp-block-buttons aligncenter is-layout-flex wp-block-buttons-is-layout-flex\">\n<div class=\"wp-block-button is-style-primary\"><a class=\"wp-block-button__link\" href=\"https:\/\/dicasdorei.com\/bs\/web-agency-gb-portfolio-single\/\">DETALJI PROJEKTA<\/a><\/div>\n<\/div>\n\n\n\n<div style=\"height:40px\" aria-hidden=\"true\" class=\"wp-block-spacer\"><\/div>\n<\/div>\n\n\n\n<div class=\"wp-block-column is-vertically-aligned-center is-layout-flow wp-block-column-is-layout-flow\" style=\"flex-basis:50%\">\n<figure class=\"wp-block-image size-large\"><img loading=\"lazy\" decoding=\"async\" width=\"600\" height=\"600\" src=\"http:\/\/dicasdorei.com\/wp-content\/uploads\/2020\/01\/neve-web-design-bg-13.jpg\" alt=\"\" class=\"wp-image-40\" srcset=\"https:\/\/dicasdorei.com\/wp-content\/uploads\/2020\/01\/neve-web-design-bg-13.jpg 600w, https:\/\/dicasdorei.com\/wp-content\/uploads\/2020\/01\/neve-web-design-bg-13-400x400.jpg 400w, https:\/\/dicasdorei.com\/wp-content\/uploads\/2020\/01\/neve-web-design-bg-13-280x280.jpg 280w, https:\/\/dicasdorei.com\/wp-content\/uploads\/2020\/01\/neve-web-design-bg-13-12x12.jpg 12w, https:\/\/dicasdorei.com\/wp-content\/uploads\/2020\/01\/neve-web-design-bg-13-72x72.jpg 72w\" sizes=\"auto, (max-width: 600px) 100vw, 600px\" \/><\/figure>\n\n\n\n<h3 class=\"has-text-align-center has-neve-text-color-color has-text-color wp-block-heading\">Brendiranje za Chatoue<\/h3>\n\n\n\n<p class=\"has-text-align-center has-neve-text-color-color has-text-color\">Lorem ipsum dolor sit amet, consectetur adipiscing elit. Ut elit tellus, luctus nec ullamcorper mattis.<\/p>\n\n\n\n<div class=\"wp-block-buttons aligncenter is-layout-flex wp-block-buttons-is-layout-flex\">\n<div class=\"wp-block-button is-style-primary\"><a class=\"wp-block-button__link\" href=\"https:\/\/dicasdorei.com\/bs\/web-agency-gb-portfolio-single\/\">DETALJI PROJEKTA<\/a><\/div>\n<\/div>\n\n\n\n<div style=\"height:40px\" aria-hidden=\"true\" class=\"wp-block-spacer\"><\/div>\n<\/div>\n<\/div>\n\n\n\n<div style=\"height:40px\" aria-hidden=\"true\" class=\"wp-block-spacer\"><\/div>\n<\/div><\/div>\n<\/div><\/div>\n\n\n\n<div class=\"wp-block-cover alignfull has-nv-site-bg-background-color has-background-dim\" style=\"min-height:600px;aspect-ratio:unset;\"><div class=\"wp-block-cover__inner-container is-layout-flow wp-block-cover-is-layout-flow\">\n<div class=\"wp-block-group\"><div class=\"wp-block-group__inner-container is-layout-flow wp-block-group-is-layout-flow\">\n<div style=\"height:80px\" aria-hidden=\"true\" class=\"wp-block-spacer\"><\/div>\n\n\n\n<div class=\"wp-block-columns are-vertically-aligned-center is-layout-flex wp-container-core-columns-is-layout-2 wp-block-columns-is-layout-flex\">\n<div class=\"wp-block-column is-vertically-aligned-center is-layout-flow wp-block-column-is-layout-flow\" style=\"flex-basis:50%\">\n<figure class=\"wp-block-image size-large\"><img loading=\"lazy\" decoding=\"async\" width=\"600\" height=\"600\" src=\"http:\/\/dicasdorei.com\/wp-content\/uploads\/2020\/01\/neve-web-design-bg-09.jpg\" alt=\"\" class=\"wp-image-36\" srcset=\"https:\/\/dicasdorei.com\/wp-content\/uploads\/2020\/01\/neve-web-design-bg-09.jpg 600w, https:\/\/dicasdorei.com\/wp-content\/uploads\/2020\/01\/neve-web-design-bg-09-400x400.jpg 400w, https:\/\/dicasdorei.com\/wp-content\/uploads\/2020\/01\/neve-web-design-bg-09-280x280.jpg 280w, https:\/\/dicasdorei.com\/wp-content\/uploads\/2020\/01\/neve-web-design-bg-09-12x12.jpg 12w, https:\/\/dicasdorei.com\/wp-content\/uploads\/2020\/01\/neve-web-design-bg-09-72x72.jpg 72w\" sizes=\"auto, (max-width: 600px) 100vw, 600px\" \/><\/figure>\n\n\n\n<h3 class=\"has-text-align-center has-neve-text-color-color has-text-color wp-block-heading\">Interna web stranica IMB-a<\/h3>\n\n\n\n<p class=\"has-text-align-center has-neve-text-color-color has-text-color\">Lorem ipsum dolor sit amet, consectetur adipiscing elit. Ut elit tellus, luctus nec ullamcorper mattis.<\/p>\n\n\n\n<div class=\"wp-block-buttons aligncenter is-layout-flex wp-block-buttons-is-layout-flex\">\n<div class=\"wp-block-button is-style-primary\"><a class=\"wp-block-button__link\" href=\"https:\/\/dicasdorei.com\/bs\/web-agency-gb-portfolio-single\/\">DETALJI PROJEKTA<\/a><\/div>\n<\/div>\n\n\n\n<div style=\"height:40px\" aria-hidden=\"true\" class=\"wp-block-spacer\"><\/div>\n<\/div>\n\n\n\n<div class=\"wp-block-column is-vertically-aligned-center is-layout-flow wp-block-column-is-layout-flow\" style=\"flex-basis:50%\">\n<figure class=\"wp-block-image size-large\"><img loading=\"lazy\" decoding=\"async\" width=\"600\" height=\"600\" src=\"http:\/\/dicasdorei.com\/wp-content\/uploads\/2020\/01\/neve-web-design-bg-15.jpg\" alt=\"\" class=\"wp-image-42\" srcset=\"https:\/\/dicasdorei.com\/wp-content\/uploads\/2020\/01\/neve-web-design-bg-15.jpg 600w, https:\/\/dicasdorei.com\/wp-content\/uploads\/2020\/01\/neve-web-design-bg-15-400x400.jpg 400w, https:\/\/dicasdorei.com\/wp-content\/uploads\/2020\/01\/neve-web-design-bg-15-280x280.jpg 280w, https:\/\/dicasdorei.com\/wp-content\/uploads\/2020\/01\/neve-web-design-bg-15-12x12.jpg 12w, https:\/\/dicasdorei.com\/wp-content\/uploads\/2020\/01\/neve-web-design-bg-15-72x72.jpg 72w\" sizes=\"auto, (max-width: 600px) 100vw, 600px\" \/><\/figure>\n\n\n\n<h3 class=\"has-text-align-center has-neve-text-color-color has-text-color wp-block-heading\">Dru\u0161tvena aplikacija<\/h3>\n\n\n\n<p class=\"has-text-align-center has-neve-text-color-color has-text-color\">Lorem ipsum dolor sit amet, consectetur adipiscing elit. Ut elit tellus, luctus nec ullamcorper mattis.<\/p>\n\n\n\n<div class=\"wp-block-buttons aligncenter is-layout-flex wp-block-buttons-is-layout-flex\">\n<div class=\"wp-block-button is-style-primary\"><a class=\"wp-block-button__link\" href=\"https:\/\/dicasdorei.com\/bs\/web-agency-gb-portfolio-single\/\">DETALJI PROJEKTA<\/a><\/div>\n<\/div>\n\n\n\n<div style=\"height:40px\" aria-hidden=\"true\" class=\"wp-block-spacer\"><\/div>\n<\/div>\n<\/div>\n\n\n\n<div style=\"height:40px\" aria-hidden=\"true\" class=\"wp-block-spacer\"><\/div>\n<\/div><\/div>\n<\/div><\/div>\n\n\n\n<div class=\"wp-block-cover alignfull has-nv-dark-bg-background-color has-background-dim\" style=\"min-height:300px;aspect-ratio:unset;\"><div class=\"wp-block-cover__inner-container is-layout-flow wp-block-cover-is-layout-flow\">\n<div style=\"height:80px\" aria-hidden=\"true\" class=\"wp-block-spacer\"><\/div>\n\n\n\n<div class=\"wp-block-image is-style-rounded\"><figure class=\"aligncenter size-large is-resized\"><img loading=\"lazy\" decoding=\"async\" src=\"http:\/\/dicasdorei.com\/wp-content\/uploads\/2020\/12\/neve-web-design-studio-03.1.jpg\" alt=\"\" class=\"wp-image-215\" width=\"80\" height=\"80\" srcset=\"https:\/\/dicasdorei.com\/wp-content\/uploads\/2020\/12\/neve-web-design-studio-03.1.jpg 400w, https:\/\/dicasdorei.com\/wp-content\/uploads\/2020\/12\/neve-web-design-studio-03.1-280x280.jpg 280w, https:\/\/dicasdorei.com\/wp-content\/uploads\/2020\/12\/neve-web-design-studio-03.1-12x12.jpg 12w\" sizes=\"auto, (max-width: 80px) 100vw, 80px\" \/><\/figure><\/div>\n\n\n\n<p class=\"has-text-align-center has-nv-text-dark-bg-color has-text-color\">&quot;Koja je svrha biti \u017eiv ako barem ne...&quot; <br>poku\u0161ati u\u010diniti ne\u0161to izuzetno?&quot;<\/p>\n\n\n\n<p class=\"has-text-align-center has-nv-text-dark-bg-color has-text-color\" style=\"font-size:14px\">JANET MORRIS<\/p>\n\n\n\n<div style=\"height:80px\" aria-hidden=\"true\" class=\"wp-block-spacer\"><\/div>\n<\/div><\/div>\n<\/body><\/html>","protected":false},"excerpt":{"rendered":"","protected":false},"author":1,"featured_media":0,"parent":0,"menu_order":0,"comment_status":"closed","ping_status":"closed","template":"","meta":{"footnotes":""},"class_list":["post-69","page","type-page","status-publish","hentry"],"_links":{"self":[{"href":"https:\/\/dicasdorei.com\/bs\/wp-json\/wp\/v2\/pages\/69","targetHints":{"allow":["GET"]}}],"collection":[{"href":"https:\/\/dicasdorei.com\/bs\/wp-json\/wp\/v2\/pages"}],"about":[{"href":"https:\/\/dicasdorei.com\/bs\/wp-json\/wp\/v2\/types\/page"}],"author":[{"embeddable":true,"href":"https:\/\/dicasdorei.com\/bs\/wp-json\/wp\/v2\/users\/1"}],"replies":[{"embeddable":true,"href":"https:\/\/dicasdorei.com\/bs\/wp-json\/wp\/v2\/comments?post=69"}],"version-history":[{"count":0,"href":"https:\/\/dicasdorei.com\/bs\/wp-json\/wp\/v2\/pages\/69\/revisions"}],"wp:attachment":[{"href":"https:\/\/dicasdorei.com\/bs\/wp-json\/wp\/v2\/media?parent=69"}],"curies":[{"name":"radni list","href":"https:\/\/api.w.org\/{rel}","templated":true}]}}