{"id":450,"date":"2022-04-08T00:05:27","date_gmt":"2022-04-08T03:05:27","guid":{"rendered":"https:\/\/dicasdorei.com\/?page_id=450"},"modified":"2025-01-25T10:56:35","modified_gmt":"2025-01-25T13:56:35","slug":"terms-of-use","status":"publish","type":"page","link":"https:\/\/dicasdorei.com\/bs\/terms-of-use\/","title":{"rendered":"Uslovi kori\u0161tenja"},"content":{"rendered":"<html><body><p>1. Uslovi<\/p>\n<p>Pristupanjem web stranici Dicas do Rei, sla\u017eete se da \u0107ete biti vezani ovim uslovima kori\u0161tenja, svim primjenjivim zakonima i propisima i sla\u017eete se da ste odgovorni za uskla\u0111enost sa svim primjenjivim lokalnim zakonima. Ako se ne sla\u017eete s bilo kojim od ovih uslova, zabranjeno vam je kori\u0161tenje ili pristup ovoj stranici. Materijali sadr\u017eani na ovoj stranici za\u0161ti\u0107eni su va\u017ee\u0107im zakonom o autorskim pravima i \u017eigovima.<\/p>\n<p>2. Upotreba licence<\/p>\n<p>Dozvoljava se privremeno preuzimanje jedne kopije materijala (informacija ili softvera) na web stranici Dicas do Rei samo za li\u010dno, nekomercijalno prolazno gledanje. Ovo je dodjela licence, a ne prijenos vlasni\u0161tva, i prema ovoj licenci ne smijete:<\/p>\n<p>modificirati ili kopirati materijale;<br>\nkoristiti materijale u bilo koju komercijalnu svrhu ili za bilo koji javni prikaz (komercijalni ili nekomercijalni);<br>\npoku\u0161aj dekompilacije ili obrnutog in\u017eenjeringa bilo kojeg softvera koji se nalazi na web stranici Dicas do Rei;<br>\nukloniti sva autorska prava ili druge vlasni\u010dke oznake iz materijala; ili<br>\nprenijeti materijale na drugu osobu ili \u201epreslikati\u201c materijale na bilo koji drugi server.<\/p>\n<p>Ova licenca \u0107e automatski prestati ako prekr\u0161ite bilo koje od ovih ograni\u010denja i Dicas do Rei je mo\u017ee ukinuti u bilo kojem trenutku. Po prestanku gledanja ovih materijala ili po prestanku ove licence, morate uni\u0161titi sve preuzete materijale u va\u0161em posjedu, bilo u elektronskom ili \u0161tampanom formatu.<\/p>\n<p>3. Odricanje od odgovornosti<br>\nMaterijali na web stranici Dicas do Rei-a su dostupni &#039;kako jesu&#039;. King&#039;s Tips ne daje nikakva jamstva, izri\u010dita ili implicirana, te se ovim odri\u010de i negira sve druge garancije, uklju\u010duju\u0107i, bez ograni\u010denja, implicirane garancije ili uslove za prodaju, prikladnost za odre\u0111enu svrhu ili nepovre\u0111ivanje intelektualnog vlasni\u0161tva ili druge povrede prava.<br>\n\u0160tavi\u0161e, Dicas do Rei ne garantuje niti daje bilo kakve izjave u vezi sa ta\u010dno\u0161\u0107u, verovatnim rezultatima ili pouzdano\u0161\u0107u upotrebe materijala na svojoj veb stranici ili na drugi na\u010din u vezi sa takvim materijalima ili na bilo kojoj lokaciji koja je povezana sa ovom veb lokacijom.<br>\n4. Ograni\u010denja<\/p>\n<p>Ni u kom slu\u010daju Dicas do Rei ili njegovi dobavlja\u010di ne\u0107e biti odgovorni za bilo kakvu \u0161tetu (uklju\u010duju\u0107i, bez ograni\u010denja, \u0161tetu zbog gubitka podataka ili dobiti, ili zbog prekida poslovanja) koja proisti\u010de iz upotrebe ili nemogu\u0107nosti kori\u0161tenja materijala na web stranici Dicas do Rei, \u010dak i ako je Dicas do Rei ili Dicas do Rei ovla\u0161teni predstavnik ili ovla\u0161teni predstavnik obavijestio o takvoj \u0161teti. Budu\u0107i da neke jurisdikcije ne dozvoljavaju ograni\u010denja implicitnih garancija ili ograni\u010denja odgovornosti za posljedi\u010dne ili slu\u010dajne \u0161tete, ova ograni\u010denja se mo\u017eda ne odnose na vas.<\/p>\n<p>5. Ta\u010dnost materijala<\/p>\n<p>Materijali koji se pojavljuju na web stranici Dicas do Rei mogu uklju\u010divati tehni\u010dke, tipografske ili fotografske gre\u0161ke. Dicas do Rei ne jam\u010di da je bilo koji od materijala na svojoj web stranici ta\u010dan, potpun ili aktuelan. King&#039;s Tips mo\u017ee promijeniti materijale sadr\u017eane na svojoj web stranici u bilo koje vrijeme bez prethodne najave. Me\u0111utim, Dicas do Rei se ne obavezuje da \u0107e a\u017eurirati materijale.<\/p>\n<p>6. Linkovi<\/p>\n<p>Dicas do Rei nije pregledao sve stranice povezane s njegovom web-stranicom i nije odgovoran za sadr\u017eaj bilo koje takve povezane stranice. Uklju\u010divanje bilo koje veze ne zna\u010di da Dicas do Rei podr\u017eava ovu stranicu. Kori\u0161tenje bilo koje takve povezane web stranice je na vlastitu odgovornost korisnika.<\/p>\n<p>Modifikacije<\/p>\n<p>Dicas do Rei mo\u017ee revidirati ove uslove usluge za svoju web stranicu u bilo koje vrijeme bez prethodne najave. Kori\u0161tenjem ove web stranice sla\u017eete se da \u0107ete biti vezani za tada aktuelnu verziju ovih uvjeta kori\u0161tenja.<\/p>\n<p>Primjenjivi zakon<\/p>\n<p>Ovi uslovi i odredbe su regulisani i tuma\u010deni u skladu sa zakonima Dicas do Rei i vi se neopozivo podvrgavate isklju\u010divoj nadle\u017enosti sudova u toj dr\u017eavi ili lokaciji.<\/p>\n<\/body><\/html>","protected":false},"excerpt":{"rendered":"<p>1. Terms By accessing the website\u00a0Dicas do Rei, you agree to be bound by these terms of service, all applicable laws and regulations, and agree that you are responsible for compliance with all applicable local laws. If you do not agree with any of these terms, you are prohibited from using or accessing this site. [&hellip;]<\/p>\n","protected":false},"author":1,"featured_media":0,"parent":0,"menu_order":0,"comment_status":"closed","ping_status":"closed","template":"","meta":{"footnotes":""},"class_list":["post-450","page","type-page","status-publish","hentry"],"_links":{"self":[{"href":"https:\/\/dicasdorei.com\/bs\/wp-json\/wp\/v2\/pages\/450","targetHints":{"allow":["GET"]}}],"collection":[{"href":"https:\/\/dicasdorei.com\/bs\/wp-json\/wp\/v2\/pages"}],"about":[{"href":"https:\/\/dicasdorei.com\/bs\/wp-json\/wp\/v2\/types\/page"}],"author":[{"embeddable":true,"href":"https:\/\/dicasdorei.com\/bs\/wp-json\/wp\/v2\/users\/1"}],"replies":[{"embeddable":true,"href":"https:\/\/dicasdorei.com\/bs\/wp-json\/wp\/v2\/comments?post=450"}],"version-history":[{"count":2,"href":"https:\/\/dicasdorei.com\/bs\/wp-json\/wp\/v2\/pages\/450\/revisions"}],"predecessor-version":[{"id":8728,"href":"https:\/\/dicasdorei.com\/bs\/wp-json\/wp\/v2\/pages\/450\/revisions\/8728"}],"wp:attachment":[{"href":"https:\/\/dicasdorei.com\/bs\/wp-json\/wp\/v2\/media?parent=450"}],"curies":[{"name":"radni list","href":"https:\/\/api.w.org\/{rel}","templated":true}]}}