{"id":19,"date":"2022-02-24T21:18:08","date_gmt":"2022-02-25T00:18:08","guid":{"rendered":"https:\/\/dicasdorei.com\/?page_id=19"},"modified":"2025-01-25T10:56:59","modified_gmt":"2025-01-25T13:56:59","slug":"who-is-the-kings-tips-portal","status":"publish","type":"page","link":"https:\/\/dicasdorei.com\/bs\/who-is-the-kings-tips-portal\/","title":{"rendered":"Ko je portal Kraljevih savjeta?"},"content":{"rendered":"<html><body><p>Zdravo! Mi smo portal Dicas Do Rei! Na\u0161 glavni cilj je da imate sjajno iskustvo prilikom pregledavanja na\u0161e web stranice i da mo\u017eete prona\u0107i najbolje savjete!<\/p>\n<p>Mi smo tim za digitalni marketing koji ima za cilj pru\u017eiti najbolju uslugu i sadr\u017eaj za va\u0161e aplikacije!<\/p>\n<p>Mnoge web stranice objavljuju informacije koje nisu istinite, ali na\u0161 cilj je da vam donesemo najbolji i najistinitiji sadr\u017eaj!<\/p>\n<p>Mi smo iznad svega zabrinuti za istinitost i integritet na\u0161eg sadr\u017eaja.<\/p>\n<p>Cilj ove web stranice je da imate najbolju mogu\u0107u navigaciju i da u\u017eivate u na\u0161em sadr\u017eaju! \u017delimo da ste uvijek ovdje sa nama.<\/p>\n<p>PREDANOST KORISNICIMA VEB STRANE DICAS DO REI<br>\nOno \u0161to nam je najva\u017enije je zadovoljstvo na\u0161ih \u010ditalaca, \u017eelimo da vam donesemo najbolji sadr\u017eaj!<\/p>\n<p>Zato \u017eelimo da budemo vrlo jasni da volimo da ste ovde sa nama. Tako\u0111er nam se jako svi\u0111a kada na\u0161i korisnici stupaju u interakciju s na\u0161im timom kako bismo mogli komunicirati i objaviti sve \u0161to \u017eelite vidjeti!<\/p>\n<p>Va\u0161a pitanja, mi\u0161ljenja i \u017ealbe su nam veoma va\u017eni! Na\u0161 tim \u0107e rado analizirati sve sa velikom pa\u017enjom.<\/p>\n<p>Stoga nas slobodno kontaktirajte na stranici KONTAKT.<\/p>\n<p>Zapamtite da na\u0161 tim nikada ne\u0107e u\u010diniti ni\u0161ta \u0161to nije ispravno, kao \u0161to je SPAM, itd.<\/p>\n<p>Na\u0161 digitalni sadr\u017eaj pru\u017ea u svim objavama:<br>\nPravila privatnosti;<br>\nKontakt obrazac;<br>\nMapa sajta. (stranica koja sadr\u017ei sve na\u0161e publikacije).<\/p>\n<p>Ovu stranicu napisao je tim DICASDOREI, stoga ima svo iskustvo i posve\u0107enost vrlo iskusnog tima.<\/p>\n<p>Posve\u0107eni smo tome da na\u0161im \u010ditateljima uvijek donosimo nove savjete i vijesti. Tako\u0111er dajemo datum svakog sadr\u017eaja u na\u0161im objavama kako biste bili u toku sa novostima!<\/p>\n<p>Dakle\u2026 ne gubite vrijeme, po\u0161aljite nam svoje mi\u0161ljenje!<\/p>\n<p>S po\u0161tovanjem,<\/p>\n<p>DICASDOREI.COM tim<\/p>\n<\/body><\/html>","protected":false},"excerpt":{"rendered":"<p>Hi! We are the portal Dicas Do Rei! Our main goal is for you to have a great experience when browsing our website and for you to be able to find the best tips! We are a digital marketing team that aims to provide the best service and content for you applications! Many websites are [&hellip;]<\/p>\n","protected":false},"author":1,"featured_media":0,"parent":0,"menu_order":0,"comment_status":"closed","ping_status":"closed","template":"","meta":{"footnotes":""},"class_list":["post-19","page","type-page","status-publish","hentry"],"_links":{"self":[{"href":"https:\/\/dicasdorei.com\/bs\/wp-json\/wp\/v2\/pages\/19","targetHints":{"allow":["GET"]}}],"collection":[{"href":"https:\/\/dicasdorei.com\/bs\/wp-json\/wp\/v2\/pages"}],"about":[{"href":"https:\/\/dicasdorei.com\/bs\/wp-json\/wp\/v2\/types\/page"}],"author":[{"embeddable":true,"href":"https:\/\/dicasdorei.com\/bs\/wp-json\/wp\/v2\/users\/1"}],"replies":[{"embeddable":true,"href":"https:\/\/dicasdorei.com\/bs\/wp-json\/wp\/v2\/comments?post=19"}],"version-history":[{"count":2,"href":"https:\/\/dicasdorei.com\/bs\/wp-json\/wp\/v2\/pages\/19\/revisions"}],"predecessor-version":[{"id":8729,"href":"https:\/\/dicasdorei.com\/bs\/wp-json\/wp\/v2\/pages\/19\/revisions\/8729"}],"wp:attachment":[{"href":"https:\/\/dicasdorei.com\/bs\/wp-json\/wp\/v2\/media?parent=19"}],"curies":[{"name":"radni list","href":"https:\/\/api.w.org\/{rel}","templated":true}]}}