{"id":17,"date":"2022-02-24T21:16:52","date_gmt":"2022-02-25T00:16:52","guid":{"rendered":"https:\/\/dicasdorei.com\/?page_id=17"},"modified":"2025-01-25T10:57:42","modified_gmt":"2025-01-25T13:57:42","slug":"privacy-policy","status":"publish","type":"page","link":"https:\/\/dicasdorei.com\/bs\/privacy-policy\/","title":{"rendered":"Politika privatnosti"},"content":{"rendered":"<html><body><p>Va\u0161a privatnost nam je va\u017ena. Politika Dicas do Rei je da po\u0161tuje va\u0161u privatnost u vezi sa svim informacijama koje mo\u017eemo prikupiti od vas na Dicas do Rei web stranici i drugim stranicama koje posjedujemo i kojima upravljamo.<\/p>\n<p>Tra\u017eimo li\u010dne podatke samo kada su nam zaista potrebni da bismo vam pru\u017eili uslugu. Prikupljamo ga na po\u0161ten i zakonit na\u010din, uz va\u0161e znanje i pristanak. Tako\u0111er vas obavje\u0161tavamo za\u0161to ga prikupljamo i kako \u0107e se koristiti.<\/p>\n<p>Prikupljene podatke \u010duvamo samo onoliko dugo koliko je potrebno da bismo vam pru\u017eili tra\u017eenu uslugu. Koje podatke \u010duvamo, za\u0161titit \u0107emo u okviru komercijalno prihvatljivih sredstava kako bismo sprije\u010dili gubitak i kra\u0111u, kao i neovla\u0161teni pristup, otkrivanje, kopiranje, kori\u0161tenje ili modificiranje.<\/p>\n<p>Li\u010dne informacije ne dijelimo javno ili s tre\u0107im licima, osim kada to zahtijeva zakon.<\/p>\n<p>Na\u0161a web stranica mo\u017ee sadr\u017eavati veze ka vanjskim stranicama kojima mi ne upravljamo. Imajte na umu da nemamo kontrolu nad sadr\u017eajem i praksama ovih stranica i ne mo\u017eemo prihvatiti odgovornost ili odgovornost za njihovu politiku privatnosti.<\/p>\n<p>Slobodno mo\u017eete odbiti na\u0161 zahtjev za va\u0161im li\u010dnim podacima, uz razumijevanje da vam mo\u017eda ne\u0107emo mo\u0107i pru\u017eiti neke od va\u0161ih \u017eeljenih usluga.<\/p>\n<p>Va\u0161e daljnje kori\u0161tenje na\u0161e web stranice smatrat \u0107e se prihvatanjem na\u0161e prakse u vezi s privatno\u0161\u0107u i li\u010dnim podacima. Ako imate bilo kakvih pitanja o tome kako postupamo s korisni\u010dkim podacima i li\u010dnim podacima, kontaktirajte nas.<\/p>\n<h2>Politika kola\u010di\u0107a King&#039;s Tips<br>\n\u0160ta su kola\u010di\u0107i?<\/h2>\n<p>Kao \u0161to je uobi\u010dajena praksa na gotovo svim profesionalnim web stranicama, ova stranica koristi kola\u010di\u0107e, male datoteke koje se preuzimaju na va\u0161 ra\u010dunar, kako bi pobolj\u0161ale va\u0161e iskustvo. Ova stranica opisuje koje informacije prikupljaju, kako ih koristimo i za\u0161to ponekad moramo pohraniti ove kola\u010di\u0107e. Tako\u0111er \u0107emo podijeliti kako mo\u017eete sprije\u010diti pohranjivanje ovih kola\u010di\u0107a, ali to mo\u017ee dovesti do pogor\u0161anja ili &#039;pokvariti&#039; odre\u0111ene elemente funkcionalnosti web stranice.<\/p>\n<h2>Kako koristimo kola\u010di\u0107e?<\/h2>\n<p>Kola\u010di\u0107e koristimo iz razli\u010ditih razloga koji su detaljno opisani u nastavku. Na\u017ealost, u ve\u0107ini slu\u010dajeva ne postoje standardne opcije za onemogu\u0107avanje kola\u010di\u0107a bez potpunog onemogu\u0107avanja funkcionalnosti i funkcija koje dodaju ovoj stranici. Preporu\u010duje se da ostavite sve kola\u010di\u0107e ako niste sigurni da li su vam potrebni ili ne u slu\u010daju da se koriste za pru\u017eanje usluge koju koristite.<\/p>\n<p>Onemogu\u0107avanje kola\u010di\u0107a<\/p>\n<p>Mo\u017eete sprije\u010diti postavljanje kola\u010di\u0107a prilago\u0111avanjem postavki na va\u0161em pretra\u017eiva\u010du (pogledajte Pomo\u0107 va\u0161eg pretra\u017eiva\u010da kako to u\u010diniti). Imajte na umu da \u0107e onemogu\u0107avanje kola\u010di\u0107a utjecati na funkcionalnost ove i mnogih drugih web stranica koje posje\u0107ujete. Onemogu\u0107avanje kola\u010di\u0107a obi\u010dno \u0107e rezultirati i onemogu\u0107avanjem odre\u0111enih funkcionalnosti i karakteristika ove stranice. Stoga se preporu\u010duje da ne onemogu\u0107ite kola\u010di\u0107e.<\/p>\n<h2>Kola\u010di\u0107i koje postavljamo<\/h2>\n<p>Kola\u010di\u0107i koji se odnose na nalog. Ako kreirate nalog kod nas, mi \u0107emo koristiti kola\u010di\u0107e za upravljanje procesom registracije i op\u0161tom administracijom. Ovi kola\u010di\u0107i \u0107e obi\u010dno biti obrisani kada se odjavite, ali u nekim slu\u010dajevima mogu ostati i nakon toga kako bi zapamtili postavke va\u0161e stranice kada se odjavite.<br>\nKola\u010di\u0107i povezani sa prijavom Koristimo kola\u010di\u0107e kada ste prijavljeni kako bismo mogli zapamtiti ovu \u010dinjenicu. Ovo spre\u010dava da se morate prijavljujeti svaki put kada posjetite novu stranicu. Ovi kola\u010di\u0107i se obi\u010dno uklanjaju ili bri\u0161u kada se odjavite kako biste bili sigurni da mo\u017eete pristupiti ograni\u010denim funkcijama i podru\u010djima samo kada ste prijavljeni.<br>\nKola\u010di\u0107i vezani za biltene e-po\u0161te Ova stranica nudi usluge pretplate na bilten ili e-po\u0161tu, a kola\u010di\u0107i se mogu koristiti za pam\u0107enje da li ste ve\u0107 registrirani i da li \u017eelite prikazati odre\u0111ena obavje\u0161tenja koja mogu biti va\u017ee\u0107a samo za pretpla\u0107ene\/odjavljene korisnike.<br>\nKola\u010di\u0107i koji se odnose na obradu narud\u017ebi Ova stranica nudi mogu\u0107nost e-trgovine ili pla\u0107anja, a neki kola\u010di\u0107i su neophodni kako bismo osigurali da se va\u0161a narud\u017eba pamti izme\u0111u stranica kako bismo je mogli pravilno obraditi.<br>\nKola\u010di\u0107i koji se odnose na ankete S vremena na vrijeme nudimo ankete i upitnike kako bismo vam pru\u017eili zanimljive uvide, korisne alate ili da biste preciznije razumjeli na\u0161u korisni\u010dku bazu. Ove ankete mogu koristiti kola\u010di\u0107e da zapamtite ko je ve\u0107 u\u010destvovao u anketi ili da vam daju ta\u010dne rezultate nakon \u0161to promijenite stranicu.<br>\nKola\u010di\u0107i koji se odnose na obrasce Kada \u0161aljete podatke putem obrasca poput onih koji se nalaze na stranicama za kontakt ili obrascima za komentare, kola\u010di\u0107i se mogu postaviti tako da pamte va\u0161e korisni\u010dke podatke za budu\u0107u korespondenciju.<br>\nKola\u010di\u0107i za postavke stranice Kako bismo vam pru\u017eili odli\u010dno iskustvo na ovoj stranici, pru\u017eamo vam funkciju za postavljanje va\u0161ih preferencija za na\u010din rada ove stranice kada je koristite. Da bismo zapamtili va\u0161e \u017eelje, moramo<\/p>\n<\/body><\/html>","protected":false},"excerpt":{"rendered":"<p>Your privacy is important to us. It is Dicas do Rei\u2019s policy to respect your privacy regarding any information we may collect from you across the Dicas do Rei website, and other sites we own and operate. We only ask for personal information when we truly need it to provide a service to you. We [&hellip;]<\/p>\n","protected":false},"author":1,"featured_media":0,"parent":0,"menu_order":0,"comment_status":"closed","ping_status":"closed","template":"","meta":{"footnotes":""},"class_list":["post-17","page","type-page","status-publish","hentry"],"_links":{"self":[{"href":"https:\/\/dicasdorei.com\/bs\/wp-json\/wp\/v2\/pages\/17","targetHints":{"allow":["GET"]}}],"collection":[{"href":"https:\/\/dicasdorei.com\/bs\/wp-json\/wp\/v2\/pages"}],"about":[{"href":"https:\/\/dicasdorei.com\/bs\/wp-json\/wp\/v2\/types\/page"}],"author":[{"embeddable":true,"href":"https:\/\/dicasdorei.com\/bs\/wp-json\/wp\/v2\/users\/1"}],"replies":[{"embeddable":true,"href":"https:\/\/dicasdorei.com\/bs\/wp-json\/wp\/v2\/comments?post=17"}],"version-history":[{"count":3,"href":"https:\/\/dicasdorei.com\/bs\/wp-json\/wp\/v2\/pages\/17\/revisions"}],"predecessor-version":[{"id":8731,"href":"https:\/\/dicasdorei.com\/bs\/wp-json\/wp\/v2\/pages\/17\/revisions\/8731"}],"wp:attachment":[{"href":"https:\/\/dicasdorei.com\/bs\/wp-json\/wp\/v2\/media?parent=17"}],"curies":[{"name":"radni list","href":"https:\/\/api.w.org\/{rel}","templated":true}]}}