{"id":8019,"date":"2024-05-27T23:34:51","date_gmt":"2024-05-28T02:34:51","guid":{"rendered":"https:\/\/dicasdorei.com\/?page_id=8019"},"modified":"2024-06-01T10:07:02","modified_gmt":"2024-06-01T13:07:02","slug":"lp-aplicativos-para-jogar-gta-v-no-celular","status":"publish","type":"page","link":"https:\/\/dicasdorei.com\/bg\/lp-aplicativos-para-jogar-gta-v-no-celular\/","title":{"rendered":"\u041f\u0440\u0438\u043b\u043e\u0436\u0435\u043d\u0438\u044f \u0437\u0430 \u0438\u0433\u0440\u0430 \u043d\u0430 GTA V \u043d\u0430 \u043c\u043e\u0431\u0438\u043b\u0435\u043d \u0442\u0435\u043b\u0435\u0444\u043e\u043d"},"content":{"rendered":"<html><body><p>\u0422\u0435\u0445\u043d\u043e\u043b\u043e\u0433\u0438\u0447\u043d\u0438\u044f\u0442 \u043d\u0430\u043f\u0440\u0435\u0434\u044a\u043a \u043d\u0430 \u043c\u043e\u0431\u0438\u043b\u043d\u0438\u0442\u0435 \u0443\u0441\u0442\u0440\u043e\u0439\u0441\u0442\u0432\u0430 \u043f\u043e\u0437\u0432\u043e\u043b\u0438 \u0438\u0433\u0440\u0438, \u043a\u043e\u0438\u0442\u043e \u043f\u0440\u0435\u0434\u0438 \u0431\u044f\u0445\u0430 \u0434\u043e\u0441\u0442\u044a\u043f\u043d\u0438 \u0441\u0430\u043c\u043e \u0437\u0430 \u043a\u043e\u043d\u0437\u043e\u043b\u0438 \u0438 \u043f\u0435\u0440\u0441\u043e\u043d\u0430\u043b\u043d\u0438 \u043a\u043e\u043c\u043f\u044e\u0442\u0440\u0438, \u0434\u0430 \u0441\u0435 \u0438\u0433\u0440\u0430\u044f\u0442 \u043d\u0430 \u0441\u043c\u0430\u0440\u0442\u0444\u043e\u043d\u0438 \u0438 \u0442\u0430\u0431\u043b\u0435\u0442\u0438. \u0421\u0440\u0435\u0434 \u0442\u0435\u0437\u0438 \u0438\u0433\u0440\u0438 \u0441\u0435 \u043e\u0442\u043a\u0440\u043e\u044f\u0432\u0430 Grand Theft Auto V (GTA V), \u0435\u0434\u043d\u043e \u043e\u0442 \u043d\u0430\u0439-\u043f\u043e\u043f\u0443\u043b\u044f\u0440\u043d\u0438\u0442\u0435 \u0437\u0430\u0433\u043b\u0430\u0432\u0438\u044f \u043d\u0430 Rockstar Games.<\/p>\n<p style=\"text-align: center;\"><a class=\"mb-button mb-style-flat mb-size-default mb-corners-default mb-text-style-default  broken_link\" style=\"background-color: #ff0000;\" href=\"https:\/\/dicasdorei.com\/bg\/aplicativo-para-jogar-gta-no-seu-celular\/\">\u00a0<i class=\"fa fa-arrow-circle-right\"><\/i>\u00a0 \u0412\u0418\u0416\u0422\u0415 \u041d\u0410\u0419-\u0414\u041e\u0411\u0420\u0418\u0422\u0415 \u041f\u0420\u0418\u041b\u041e\u0416\u0415\u041d\u0418\u042f<\/a><\/p>\n<p style=\"text-align: center;\"><a class=\"mb-button mb-style-flat mb-size-default mb-corners-default mb-text-style-default  broken_link\" style=\"background-color: #ff0000;\" href=\"https:\/\/dicasdorei.com\/bg\/aplicativo-para-jogar-gta-no-seu-celular\/\">\u00a0<i class=\"fa fa-arrow-circle-right\"><\/i>\u00a0 \u041f\u0420\u0418\u041b\u041e\u0416\u0415\u041d\u0418\u042f \u0417\u0410 ANDROID<\/a><\/p>\n<p style=\"text-align: center;\"><a class=\"mb-button mb-style-flat mb-size-default mb-corners-default mb-text-style-default  broken_link\" style=\"background-color: #ff0000;\" href=\"https:\/\/dicasdorei.com\/bg\/aplicativo-para-jogar-gta-no-seu-celular\/\">\u00a0<i class=\"fa fa-arrow-circle-right\"><\/i>\u00a0 \u041f\u0420\u0418\u041b\u041e\u0416\u0415\u041d\u0418\u042f \u0417\u0410 IOS<\/a><\/p>\n<p>\u041f\u044a\u0440\u0432\u043e\u043d\u0430\u0447\u0430\u043b\u043d\u043e \u0438\u0437\u0434\u0430\u0434\u0435\u043d\u0430 \u043f\u0440\u0435\u0437 2013 \u0433. \u0437\u0430 \u043a\u043e\u043d\u0437\u043e\u043b\u0438, \u0430 \u043f\u043e-\u043a\u044a\u0441\u043d\u043e \u0438 \u0437\u0430 PC, GTA V \u043f\u0440\u043e\u0434\u044a\u043b\u0436\u0430\u0432\u0430 \u0434\u0430 \u043f\u0440\u0438\u0432\u043b\u0438\u0447\u0430 \u0438\u0433\u0440\u0430\u0447\u0438 \u0441 \u043e\u0442\u0432\u043e\u0440\u0435\u043d\u0438\u044f \u0441\u0438 \u0441\u0432\u044f\u0442, \u0437\u0430\u0432\u043b\u0430\u0434\u044f\u0432\u0430\u0449\u0438\u044f \u0441\u044e\u0436\u0435\u0442 \u0438 \u0448\u0438\u0440\u043e\u043a\u0430\u0442\u0430 \u0433\u0430\u043c\u0430 \u043e\u0442 \u0434\u0435\u0439\u043d\u043e\u0441\u0442\u0438. \u0418\u0433\u0440\u0430\u0442\u0430 \u043d\u0430 GTA V \u043d\u0430 \u043c\u043e\u0431\u0438\u043b\u043d\u0438 \u0443\u0441\u0442\u0440\u043e\u0439\u0441\u0442\u0432\u0430 \u043c\u043e\u0436\u0435 \u0434\u0430 \u0438\u0437\u0433\u043b\u0435\u0436\u0434\u0430 \u043f\u0440\u0435\u0434\u0438\u0437\u0432\u0438\u043a\u0430\u0442\u0435\u043b\u043d\u0430 \u043f\u043e\u0440\u0430\u0434\u0438 \u0438\u0437\u0438\u0441\u043a\u0432\u0430\u043d\u0438\u044f\u0442\u0430 \u0437\u0430 \u0433\u0440\u0430\u0444\u0438\u043a\u0430 \u0438 \u043e\u0431\u0440\u0430\u0431\u043e\u0442\u043a\u0430, \u043d\u043e \u0438\u043c\u0430 \u0440\u0435\u0448\u0435\u043d\u0438\u044f, \u043a\u043e\u0438\u0442\u043e \u043f\u043e\u0437\u0432\u043e\u043b\u044f\u0432\u0430\u0442 \u0442\u043e\u0432\u0430 \u0438\u0437\u0436\u0438\u0432\u044f\u0432\u0430\u043d\u0435. \u041d\u0435\u043a\u0430 \u0440\u0430\u0437\u0433\u043b\u0435\u0434\u0430\u043c\u0435 \u043d\u044f\u043a\u043e\u0438 \u043e\u0442 \u0442\u044f\u0445.<\/p>\n<h3>\u0421\u0442\u0440\u0438\u0439\u043c\u0438\u043d\u0433 \u043d\u0430 \u0438\u0433\u0440\u0438<\/h3>\n<p>\u0415\u0434\u0438\u043d \u043e\u0442 \u043d\u0430\u0439-\u0435\u0444\u0435\u043a\u0442\u0438\u0432\u043d\u0438\u0442\u0435 \u043d\u0430\u0447\u0438\u043d\u0438 \u0437\u0430 \u0438\u0433\u0440\u0430 \u043d\u0430 GTA V \u043d\u0430 \u043c\u043e\u0431\u0438\u043b\u043d\u043e \u0443\u0441\u0442\u0440\u043e\u0439\u0441\u0442\u0432\u043e \u0435 \u0447\u0440\u0435\u0437 \u0443\u0441\u043b\u0443\u0433\u0438 \u0437\u0430 \u0441\u0442\u0440\u0438\u0439\u043c\u0438\u043d\u0433 \u043d\u0430 \u0438\u0433\u0440\u0438. \u0422\u0435\u0437\u0438 \u0443\u0441\u043b\u0443\u0433\u0438 \u0432\u0438 \u043f\u043e\u0437\u0432\u043e\u043b\u044f\u0432\u0430\u0442 \u0434\u0430 \u0438\u0433\u0440\u0430\u0435\u0442\u0435 \u0432\u0438\u0441\u043e\u043a\u043e\u043a\u0430\u0447\u0435\u0441\u0442\u0432\u0435\u043d\u0438 \u0437\u0430\u0433\u043b\u0430\u0432\u0438\u044f, \u0431\u0435\u0437 \u0434\u0430 \u0435 \u043d\u0435\u043e\u0431\u0445\u043e\u0434\u0438\u043c \u043c\u043e\u0449\u0435\u043d \u043c\u043e\u0431\u0438\u043b\u0435\u043d \u0445\u0430\u0440\u0434\u0443\u0435\u0440. \u041d\u044f\u043a\u043e\u0438 \u043e\u0442 \u043d\u0430\u0439-\u043f\u043e\u043f\u0443\u043b\u044f\u0440\u043d\u0438\u0442\u0435 \u0443\u0441\u043b\u0443\u0433\u0438 \u0432\u043a\u043b\u044e\u0447\u0432\u0430\u0442:<\/p>\n<p><strong>1. NVIDIA GeForce \u0441\u0435\u0433\u0430:<\/strong> GeForce Now \u0435 \u0441\u0442\u0440\u0438\u0439\u043c\u0438\u043d\u0433 \u0443\u0441\u043b\u0443\u0433\u0430, \u043a\u043e\u044f\u0442\u043e \u043f\u043e\u0437\u0432\u043e\u043b\u044f\u0432\u0430 \u043d\u0430 \u0438\u0433\u0440\u0430\u0447\u0438\u0442\u0435 \u0434\u0430 \u0438\u043c\u0430\u0442 \u0434\u043e\u0441\u0442\u044a\u043f \u0434\u043e \u0441\u0432\u043e\u0438\u0442\u0435 \u0431\u0438\u0431\u043b\u0438\u043e\u0442\u0435\u043a\u0438 \u0441 \u0438\u0433\u0440\u0438 \u043d\u0430 \u043c\u043d\u043e\u0436\u0435\u0441\u0442\u0432\u043e \u0443\u0441\u0442\u0440\u043e\u0439\u0441\u0442\u0432\u0430, \u0432\u043a\u043b\u044e\u0447\u0438\u0442\u0435\u043b\u043d\u043e \u0441\u043c\u0430\u0440\u0442\u0444\u043e\u043d\u0438 \u0438 \u0442\u0430\u0431\u043b\u0435\u0442\u0438 \u0441 Android. \u0421\u044a\u0441 \u0441\u0442\u0430\u0431\u0438\u043b\u043d\u0430 \u0438\u043d\u0442\u0435\u0440\u043d\u0435\u0442 \u0432\u0440\u044a\u0437\u043a\u0430 \u043c\u043e\u0436\u0435\u0442\u0435 \u0434\u0430 \u0438\u0433\u0440\u0430\u0435\u0442\u0435 GTA V, \u0438\u0437\u043f\u043e\u043b\u0437\u0432\u0430\u0439\u043a\u0438 \u0441\u044a\u0440\u0432\u044a\u0440\u043d\u0430\u0442\u0430 \u0438\u043d\u0444\u0440\u0430\u0441\u0442\u0440\u0443\u043a\u0442\u0443\u0440\u0430 \u043d\u0430 NVIDIA, \u043a\u043e\u044f\u0442\u043e \u043e\u0431\u0440\u0430\u0431\u043e\u0442\u0432\u0430 \u0438\u0433\u0440\u0430\u0442\u0430 \u0438 \u0441\u0442\u0440\u0438\u0439\u043c\u0432\u0430 \u0432\u0438\u0434\u0435\u043e\u0442\u043e \u043a\u044a\u043c \u0432\u0430\u0448\u0435\u0442\u043e \u0443\u0441\u0442\u0440\u043e\u0439\u0441\u0442\u0432\u043e.<\/p>\n<p><strong>2. Xbox Game Pass Ultimate:<\/strong> Microsoft \u043f\u0440\u0435\u0434\u043b\u0430\u0433\u0430 Xbox Game Pass Ultimate, \u043a\u043e\u0439\u0442\u043e \u0432\u043a\u043b\u044e\u0447\u0432\u0430 \u0443\u0441\u043b\u0443\u0433\u0430\u0442\u0430 \u0437\u0430 \u0441\u0442\u0440\u0438\u0439\u043c\u0438\u043d\u0433 \u043d\u0430 \u0438\u0433\u0440\u0438 xCloud. \u0421 \u0430\u043a\u0442\u0438\u0432\u0435\u043d \u0430\u0431\u043e\u043d\u0430\u043c\u0435\u043d\u0442 \u0438\u0433\u0440\u0430\u0447\u0438\u0442\u0435 \u043c\u043e\u0433\u0430\u0442 \u0434\u0430 \u0438\u043c\u0430\u0442 \u0434\u043e\u0441\u0442\u044a\u043f \u0434\u043e \u043e\u0433\u0440\u043e\u043c\u043d\u0430 \u0431\u0438\u0431\u043b\u0438\u043e\u0442\u0435\u043a\u0430 \u043e\u0442 \u0438\u0433\u0440\u0438, \u0432\u043a\u043b\u044e\u0447\u0438\u0442\u0435\u043b\u043d\u043e GTA V, \u0434\u0438\u0440\u0435\u043a\u0442\u043d\u043e \u043e\u0442 \u043c\u043e\u0431\u0438\u043b\u043d\u0438\u0442\u0435 \u0441\u0438 \u0443\u0441\u0442\u0440\u043e\u0439\u0441\u0442\u0432\u0430. \u041f\u043e\u0434\u043e\u0431\u043d\u043e \u043d\u0430 GeForce Now, xCloud \u0440\u0430\u0437\u0447\u0438\u0442\u0430 \u043d\u0430 \u0441\u0442\u0430\u0431\u0438\u043b\u043d\u0430 \u0438\u043d\u0442\u0435\u0440\u043d\u0435\u0442 \u0432\u0440\u044a\u0437\u043a\u0430, \u0437\u0430 \u0434\u0430 \u043e\u0441\u0438\u0433\u0443\u0440\u0438 \u0431\u0435\u0437\u043f\u0440\u043e\u0431\u043b\u0435\u043c\u043d\u043e \u0438\u0433\u0440\u043e\u0432\u043e \u0438\u0437\u0436\u0438\u0432\u044f\u0432\u0430\u043d\u0435.<\/p>\n<div id=\"attachment_8020\" style=\"width: 760px\" class=\"wp-caption aligncenter\"><img loading=\"lazy\" decoding=\"async\" aria-describedby=\"caption-attachment-8020\" class=\"wp-image-8020 size-full\" src=\"https:\/\/dicasdorei.com\/wp-content\/uploads\/2024\/05\/02095937210037.webp\" alt=\"\" width=\"750\" height=\"500\" srcset=\"https:\/\/dicasdorei.com\/wp-content\/uploads\/2024\/05\/02095937210037.webp 750w, https:\/\/dicasdorei.com\/wp-content\/uploads\/2024\/05\/02095937210037-600x400.webp 600w, https:\/\/dicasdorei.com\/wp-content\/uploads\/2024\/05\/02095937210037-18x12.webp 18w\" sizes=\"auto, (max-width: 750px) 100vw, 750px\" \/><p id=\"caption-attachment-8020\" class=\"wp-caption-text\">\u0418\u0437\u043e\u0431\u0440\u0430\u0436\u0435\u043d\u0438\u0435\u0442\u043e \u0435 \u0432\u0437\u0435\u0442\u043e \u043e\u0442 Google.<\/p><\/div>\n<p><strong>3. Google Stadia:<\/strong> Stadia \u0435 \u043f\u043b\u0430\u0442\u0444\u043e\u0440\u043c\u0430\u0442\u0430 \u0437\u0430 \u0441\u0442\u0440\u0438\u0439\u043c\u0438\u043d\u0433 \u043d\u0430 \u0438\u0433\u0440\u0438 \u043d\u0430 Google, \u043a\u043e\u044f\u0442\u043e \u0432\u0438 \u043f\u043e\u0437\u0432\u043e\u043b\u044f\u0432\u0430 \u0434\u0430 \u0438\u0433\u0440\u0430\u0435\u0442\u0435 \u0432\u0438\u0441\u043e\u043a\u043e\u043a\u0430\u0447\u0435\u0441\u0442\u0432\u0435\u043d\u0438 \u0437\u0430\u0433\u043b\u0430\u0432\u0438\u044f \u043d\u0430 \u043c\u043e\u0431\u0438\u043b\u043d\u0438 \u0443\u0441\u0442\u0440\u043e\u0439\u0441\u0442\u0432\u0430. \u0412\u044a\u043f\u0440\u0435\u043a\u0438 \u0447\u0435 GTA V \u043d\u0435 \u0435 \u0434\u0438\u0440\u0435\u043a\u0442\u043d\u043e \u043d\u0430\u043b\u0438\u0447\u043d\u0430 \u0432 \u043a\u0430\u0442\u0430\u043b\u043e\u0433\u0430 \u043d\u0430 Stadia, \u043f\u043b\u0430\u0442\u0444\u043e\u0440\u043c\u0430\u0442\u0430 \u043f\u0440\u0435\u0434\u043b\u0430\u0433\u0430 \u043c\u043d\u043e\u0433\u043e \u0434\u0440\u0443\u0433\u0438 \u0432\u0438\u0441\u043e\u043a\u043e\u043a\u0430\u0447\u0435\u0441\u0442\u0432\u0435\u043d\u0438 \u0438\u0433\u0440\u0438 \u0438 \u043c\u043e\u0436\u0435 \u0434\u0430 \u0441\u0435 \u043f\u0440\u0435\u0432\u044a\u0440\u043d\u0435 \u0432 \u043e\u043f\u0446\u0438\u044f \u0432 \u0431\u044a\u0434\u0435\u0449\u0435.<\/p>\n<h3>\u041f\u0440\u0438\u043b\u043e\u0436\u0435\u043d\u0438\u044f \u0437\u0430 \u0435\u043c\u0443\u043b\u0430\u0446\u0438\u044f<\/h3>\n<p>\u0414\u0440\u0443\u0433 \u043f\u043e\u0434\u0445\u043e\u0434 \u0437\u0430 \u0438\u0433\u0440\u0430 \u043d\u0430 GTA V \u043d\u0430 \u043c\u043e\u0431\u0438\u043b\u043d\u043e \u0443\u0441\u0442\u0440\u043e\u0439\u0441\u0442\u0432\u043e \u0435 \u0447\u0440\u0435\u0437 \u0435\u043c\u0443\u043b\u0430\u0442\u043e\u0440\u0438. \u0415\u043c\u0443\u043b\u0430\u0442\u043e\u0440\u0438\u0442\u0435 \u0432\u0438 \u043f\u043e\u0437\u0432\u043e\u043b\u044f\u0432\u0430\u0442 \u0434\u0430 \u0441\u0442\u0430\u0440\u0442\u0438\u0440\u0430\u0442\u0435 \u0438\u0433\u0440\u0438 \u043e\u0442 \u0434\u0440\u0443\u0433\u0438 \u043f\u043b\u0430\u0442\u0444\u043e\u0440\u043c\u0438 \u043d\u0430 \u043c\u043e\u0431\u0438\u043b\u043d\u043e\u0442\u043e \u0441\u0438 \u0443\u0441\u0442\u0440\u043e\u0439\u0441\u0442\u0432\u043e. \u0412\u0430\u0436\u043d\u043e \u0435 \u043e\u0431\u0430\u0447\u0435 \u0434\u0430 \u0441\u0435 \u043e\u0442\u0431\u0435\u043b\u0435\u0436\u0438, \u0447\u0435 \u0435\u043c\u0443\u043b\u0430\u0446\u0438\u044f\u0442\u0430 \u043d\u0430 \u0438\u0433\u0440\u0438 \u043c\u043e\u0436\u0435 \u0434\u0430 \u0431\u044a\u0434\u0435 \u0441\u043b\u043e\u0436\u043d\u0430 \u043e\u0442 \u043f\u0440\u0430\u0432\u043d\u0430 \u0433\u043b\u0435\u0434\u043d\u0430 \u0442\u043e\u0447\u043a\u0430 \u0438 \u043c\u043e\u0436\u0435 \u0434\u0430 \u043d\u0435 \u043f\u0440\u0435\u0434\u043b\u043e\u0436\u0438 \u043d\u0430\u0439-\u0434\u043e\u0431\u0440\u043e\u0442\u043e \u0438\u0437\u0436\u0438\u0432\u044f\u0432\u0430\u043d\u0435 \u043f\u043e \u043e\u0442\u043d\u043e\u0448\u0435\u043d\u0438\u0435 \u043d\u0430 \u043f\u0440\u043e\u0438\u0437\u0432\u043e\u0434\u0438\u0442\u0435\u043b\u043d\u043e\u0441\u0442 \u0438 \u0433\u0440\u0430\u0444\u0438\u043a\u0430.<\/p>\n<p>\u041d\u044f\u043a\u043e\u0438 \u043e\u0442 \u043f\u043e\u043f\u0443\u043b\u044f\u0440\u043d\u0438\u0442\u0435 \u0435\u043c\u0443\u043b\u0430\u0442\u043e\u0440\u0438 \u0432\u043a\u043b\u044e\u0447\u0432\u0430\u0442:<\/p>\n<p style=\"text-align: center;\"><a class=\"mb-button mb-style-flat mb-size-default mb-corners-default mb-text-style-default  broken_link\" style=\"background-color: #ff0000;\" href=\"https:\/\/dicasdorei.com\/bg\/aplicativo-para-jogar-gta-no-seu-celular\/\">\u00a0<i class=\"fa fa-arrow-circle-right\"><\/i>\u00a0 \u0412\u0418\u0416\u0422\u0415 \u041d\u0410\u0419-\u0414\u041e\u0411\u0420\u0418\u0422\u0415 \u041f\u0420\u0418\u041b\u041e\u0416\u0415\u041d\u0418\u042f<\/a><\/p>\n<p style=\"text-align: center;\"><a class=\"mb-button mb-style-flat mb-size-default mb-corners-default mb-text-style-default  broken_link\" style=\"background-color: #ff0000;\" href=\"https:\/\/dicasdorei.com\/bg\/aplicativo-para-jogar-gta-no-seu-celular\/\">\u00a0<i class=\"fa fa-arrow-circle-right\"><\/i>\u00a0 \u041f\u0420\u0418\u041b\u041e\u0416\u0415\u041d\u0418\u042f \u0417\u0410 ANDROID<\/a><\/p>\n<p style=\"text-align: center;\"><a class=\"mb-button mb-style-flat mb-size-default mb-corners-default mb-text-style-default  broken_link\" style=\"background-color: #ff0000;\" href=\"https:\/\/dicasdorei.com\/bg\/aplicativo-para-jogar-gta-no-seu-celular\/\">\u00a0<i class=\"fa fa-arrow-circle-right\"><\/i>\u00a0 \u041f\u0420\u0418\u041b\u041e\u0416\u0415\u041d\u0418\u042f \u0417\u0410 IOS<\/a><\/p>\n<p><strong>1. \u0412\u0440\u044a\u0437\u043a\u0430 \u043a\u044a\u043c Steam:<\/strong> Steam Link \u0435 \u043f\u0440\u0438\u043b\u043e\u0436\u0435\u043d\u0438\u0435, \u0440\u0430\u0437\u0440\u0430\u0431\u043e\u0442\u0435\u043d\u043e \u043e\u0442 Valve, \u043a\u043e\u0435\u0442\u043e \u0432\u0438 \u043f\u043e\u0437\u0432\u043e\u043b\u044f\u0432\u0430 \u0434\u0430 \u0441\u0442\u0440\u0438\u0439\u043c\u0432\u0430\u0442\u0435 \u0438\u0433\u0440\u0438 \u043e\u0442 \u0432\u0430\u0448\u0430\u0442\u0430 Steam \u0431\u0438\u0431\u043b\u0438\u043e\u0442\u0435\u043a\u0430 \u043e\u0442 \u0432\u0430\u0448\u0438\u044f \u043a\u043e\u043c\u043f\u044e\u0442\u044a\u0440 \u043a\u044a\u043c \u043c\u043e\u0431\u0438\u043b\u043d\u043e \u0443\u0441\u0442\u0440\u043e\u0439\u0441\u0442\u0432\u043e. \u0422\u043e\u0432\u0430 \u043e\u0437\u043d\u0430\u0447\u0430\u0432\u0430, \u0447\u0435 \u0430\u043a\u043e \u0432\u0435\u0447\u0435 \u043f\u0440\u0438\u0442\u0435\u0436\u0430\u0432\u0430\u0442\u0435 GTA V \u0432 Steam, \u043c\u043e\u0436\u0435\u0442\u0435 \u0434\u0430 \u0433\u043e \u0438\u0433\u0440\u0430\u0435\u0442\u0435 \u043d\u0430 \u043c\u043e\u0431\u0438\u043b\u043d\u043e\u0442\u043e \u0441\u0438 \u0443\u0441\u0442\u0440\u043e\u0439\u0441\u0442\u0432\u043e, \u0441\u0442\u0438\u0433\u0430 \u0442\u043e \u0434\u0430 \u0435 \u0432 \u0441\u044a\u0449\u0430\u0442\u0430 Wi-Fi \u043c\u0440\u0435\u0436\u0430 \u043a\u0430\u0442\u043e \u0432\u0430\u0448\u0438\u044f \u043a\u043e\u043c\u043f\u044e\u0442\u044a\u0440.<\/p>\n<p><strong>2. \u0421\u0442\u0440\u0438\u0439\u043c\u0438\u043d\u0433 \u043d\u0430 \u0438\u0433\u0440\u0430\u0442\u0430 Moonlight:<\/strong> Moonlight \u0435 \u043f\u0440\u0438\u043b\u043e\u0436\u0435\u043d\u0438\u0435 \u0441 \u043e\u0442\u0432\u043e\u0440\u0435\u043d \u043a\u043e\u0434, \u043a\u043e\u0435\u0442\u043e \u0432\u0438 \u043f\u043e\u0437\u0432\u043e\u043b\u044f\u0432\u0430 \u0434\u0430 \u0441\u0442\u0440\u0438\u0439\u043c\u0432\u0430\u0442\u0435 \u0438\u0433\u0440\u0438 \u043e\u0442 \u0432\u0430\u0448\u0438\u044f \u043a\u043e\u043c\u043f\u044e\u0442\u044a\u0440 \u043a\u044a\u043c \u043c\u043e\u0431\u0438\u043b\u043d\u0438 \u0443\u0441\u0442\u0440\u043e\u0439\u0441\u0442\u0432\u0430. \u0420\u0430\u0431\u043e\u0442\u0438 \u043f\u043e\u0434\u043e\u0431\u043d\u043e \u043d\u0430 Steam Link, \u043d\u043e \u043f\u0440\u0435\u0434\u043b\u0430\u0433\u0430 \u043f\u043e-\u0433\u043e\u043b\u044f\u043c\u0430 \u0433\u044a\u0432\u043a\u0430\u0432\u043e\u0441\u0442 \u0438 \u0435 \u0441\u044a\u0432\u043c\u0435\u0441\u0442\u0438\u043c\u043e \u0441 \u0438\u0433\u0440\u0438 \u043d\u0430 NVIDIA.<\/p>\n<h3>\u041d\u0435\u043e\u0444\u0438\u0446\u0438\u0430\u043b\u043d\u0438 \u043c\u043e\u0434\u0438\u0444\u0438\u043a\u0430\u0446\u0438\u0438 \u0438 \u043f\u043e\u0440\u0442\u043e\u0432\u0435<\/h3>\n<p>\u0412 \u0434\u043e\u043f\u044a\u043b\u043d\u0435\u043d\u0438\u0435 \u043a\u044a\u043c \u043e\u043f\u0446\u0438\u0438\u0442\u0435 \u0437\u0430 \u0441\u0442\u0440\u0438\u0439\u043c\u0438\u043d\u0433 \u0438 \u0435\u043c\u0443\u043b\u0430\u0446\u0438\u044f, \u0438\u043c\u0430 \u0438 \u043d\u0435\u043e\u0444\u0438\u0446\u0438\u0430\u043b\u043d\u0438 \u043c\u043e\u0434\u0438\u0444\u0438\u043a\u0430\u0446\u0438\u0438 \u0438 \u043f\u043e\u0440\u0442\u043e\u0432\u0435, \u043a\u043e\u0438\u0442\u043e \u0441\u0435 \u043e\u043f\u0438\u0442\u0432\u0430\u0442 \u0434\u0430 \u043f\u0440\u0435\u043d\u0435\u0441\u0430\u0442 \u0438\u0437\u0436\u0438\u0432\u044f\u0432\u0430\u043d\u0435\u0442\u043e \u043e\u0442 GTA V \u043d\u0430 \u043c\u043e\u0431\u0438\u043b\u043d\u0438 \u0443\u0441\u0442\u0440\u043e\u0439\u0441\u0442\u0432\u0430. \u0422\u0435\u0437\u0438 \u043f\u0440\u043e\u0435\u043a\u0442\u0438 \u0441\u0430 \u0440\u0430\u0437\u0440\u0430\u0431\u043e\u0442\u0435\u043d\u0438 \u043e\u0442 \u0435\u043d\u0442\u0443\u0441\u0438\u0430\u0441\u0442\u0438 \u0438 \u043c\u043e\u0433\u0430\u0442 \u0434\u0430 \u0441\u0435 \u0440\u0430\u0437\u043b\u0438\u0447\u0430\u0432\u0430\u0442 \u043f\u043e \u043a\u0430\u0447\u0435\u0441\u0442\u0432\u043e \u0438 \u0441\u0442\u0430\u0431\u0438\u043b\u043d\u043e\u0441\u0442. \u0412\u0430\u0436\u043d\u043e \u0435 \u0434\u0430 \u0431\u044a\u0434\u0435\u0442\u0435 \u0432\u043d\u0438\u043c\u0430\u0442\u0435\u043b\u043d\u0438 \u043f\u0440\u0438 \u0438\u0437\u0442\u0435\u0433\u043b\u044f\u043d\u0435\u0442\u043e \u0438 \u0438\u043d\u0441\u0442\u0430\u043b\u0438\u0440\u0430\u043d\u0435\u0442\u043e \u043d\u0430 \u0442\u0435\u0437\u0438 \u0444\u0430\u0439\u043b\u043e\u0432\u0435, \u0442\u044a\u0439 \u043a\u0430\u0442\u043e \u0442\u0435 \u043c\u043e\u0433\u0430\u0442 \u0434\u0430 \u0441\u044a\u0434\u044a\u0440\u0436\u0430\u0442 \u0437\u043b\u043e\u043d\u0430\u043c\u0435\u0440\u0435\u043d \u0441\u043e\u0444\u0442\u0443\u0435\u0440 \u0438\u043b\u0438 \u0434\u0430 \u043f\u0440\u0438\u0447\u0438\u043d\u044f\u0442 \u043d\u0435\u0438\u0437\u043f\u0440\u0430\u0432\u043d\u043e\u0441\u0442\u0438.<\/p>\n<h3>\u0417\u0430\u043a\u043b\u044e\u0447\u0438\u0442\u0435\u043b\u043d\u0438 \u0441\u044a\u043e\u0431\u0440\u0430\u0436\u0435\u043d\u0438\u044f<\/h3>\n<p>\u0418\u0433\u0440\u0430\u0435\u043d\u0435\u0442\u043e \u043d\u0430 GTA V \u043d\u0430 \u043c\u043e\u0431\u0438\u043b\u043d\u0438 \u0443\u0441\u0442\u0440\u043e\u0439\u0441\u0442\u0432\u0430 \u0435 \u0440\u0435\u0430\u043b\u043d\u043e\u0441\u0442 \u0431\u043b\u0430\u0433\u043e\u0434\u0430\u0440\u0435\u043d\u0438\u0435 \u043d\u0430 \u043d\u0430\u043f\u0440\u0435\u0434\u044a\u043a\u0430 \u0432 \u0442\u0435\u0445\u043d\u043e\u043b\u043e\u0433\u0438\u0438\u0442\u0435 \u0437\u0430 \u0441\u0442\u0440\u0438\u0439\u043c\u0438\u043d\u0433 \u0438 \u0435\u043c\u0443\u043b\u0430\u0446\u0438\u044f. \u0412\u044a\u043f\u0440\u0435\u043a\u0438 \u0447\u0435 \u043d\u044f\u043c\u0430 \u043e\u0444\u0438\u0446\u0438\u0430\u043b\u043d\u0430 \u0432\u0435\u0440\u0441\u0438\u044f \u043d\u0430 GTA V \u0437\u0430 \u043c\u043e\u0431\u0438\u043b\u043d\u0438 \u0443\u0441\u0442\u0440\u043e\u0439\u0441\u0442\u0432\u0430, \u0433\u043e\u0440\u0435\u0441\u043f\u043e\u043c\u0435\u043d\u0430\u0442\u0438\u0442\u0435 \u0440\u0435\u0448\u0435\u043d\u0438\u044f \u043f\u0440\u0435\u0434\u043b\u0430\u0433\u0430\u0442 \u0436\u0438\u0437\u043d\u0435\u0441\u043f\u043e\u0441\u043e\u0431\u043d\u0438 \u0430\u043b\u0442\u0435\u0440\u043d\u0430\u0442\u0438\u0432\u0438 \u0437\u0430 \u0444\u0435\u043d\u043e\u0432\u0435\u0442\u0435 \u043d\u0430 \u0438\u0433\u0440\u0430\u0442\u0430, \u043a\u043e\u0438\u0442\u043e \u0438\u0441\u043a\u0430\u0442 \u0434\u0430 \u0438\u0433\u0440\u0430\u044f\u0442 \u043d\u0430 \u0441\u0432\u043e\u0438\u0442\u0435 \u0441\u043c\u0430\u0440\u0442\u0444\u043e\u043d\u0438 \u0438\u043b\u0438 \u0442\u0430\u0431\u043b\u0435\u0442\u0438.<\/p>\n<p style=\"text-align: center;\"><a class=\"mb-button mb-style-flat mb-size-default mb-corners-default mb-text-style-default  broken_link\" style=\"background-color: #ff0000;\" href=\"https:\/\/dicasdorei.com\/bg\/aplicativo-para-jogar-gta-no-seu-celular\/\">\u00a0<i class=\"fa fa-arrow-circle-right\"><\/i>\u00a0 \u0412\u0418\u0416\u0422\u0415 \u041d\u0410\u0419-\u0414\u041e\u0411\u0420\u0418\u0422\u0415 \u041f\u0420\u0418\u041b\u041e\u0416\u0415\u041d\u0418\u042f<\/a><\/p>\n<p style=\"text-align: center;\"><a class=\"mb-button mb-style-flat mb-size-default mb-corners-default mb-text-style-default  broken_link\" style=\"background-color: #ff0000;\" href=\"https:\/\/dicasdorei.com\/bg\/aplicativo-para-jogar-gta-no-seu-celular\/\">\u00a0<i class=\"fa fa-arrow-circle-right\"><\/i>\u00a0 \u041f\u0420\u0418\u041b\u041e\u0416\u0415\u041d\u0418\u042f \u0417\u0410 ANDROID<\/a><\/p>\n<p style=\"text-align: center;\"><a class=\"mb-button mb-style-flat mb-size-default mb-corners-default mb-text-style-default  broken_link\" style=\"background-color: #ff0000;\" href=\"https:\/\/dicasdorei.com\/bg\/aplicativo-para-jogar-gta-no-seu-celular\/\">\u00a0<i class=\"fa fa-arrow-circle-right\"><\/i>\u00a0 \u041f\u0420\u0418\u041b\u041e\u0416\u0415\u041d\u0418\u042f \u0417\u0410 IOS<\/a><\/p>\n<p>\u041a\u043b\u044e\u0447\u044a\u0442 \u043a\u044a\u043c \u0437\u0430\u0434\u043e\u0432\u043e\u043b\u0438\u0442\u0435\u043b\u043d\u043e\u0442\u043e \u0438\u0437\u0436\u0438\u0432\u044f\u0432\u0430\u043d\u0435 \u0435 \u0441\u0442\u0430\u0431\u0438\u043b\u043d\u0430 \u0438 \u0431\u044a\u0440\u0437\u0430 \u0438\u043d\u0442\u0435\u0440\u043d\u0435\u0442 \u0432\u0440\u044a\u0437\u043a\u0430, \u043a\u0430\u043a\u0442\u043e \u0438 \u0441\u044a\u0432\u043c\u0435\u0441\u0442\u0438\u043c\u043e \u043c\u043e\u0431\u0438\u043b\u043d\u043e \u0443\u0441\u0442\u0440\u043e\u0439\u0441\u0442\u0432\u043e. \u0421 \u0442\u0435\u0437\u0438 \u0438\u043d\u0441\u0442\u0440\u0443\u043c\u0435\u043d\u0442\u0438 \u043d\u0435\u043e\u0431\u044f\u0442\u043d\u0438\u044f\u0442 \u0438 \u0432\u044a\u043b\u043d\u0443\u0432\u0430\u0449 \u0441\u0432\u044f\u0442 \u043d\u0430 \u041b\u043e\u0441 \u0421\u0430\u043d\u0442\u043e\u0441 \u043c\u043e\u0436\u0435 \u0434\u0430 \u0431\u044a\u0434\u0435 \u043d\u0430 \u0435\u0434\u043d\u0430 \u0440\u044a\u043a\u0430 \u0440\u0430\u0437\u0441\u0442\u043e\u044f\u043d\u0438\u0435, \u043d\u0435\u0437\u0430\u0432\u0438\u0441\u0438\u043c\u043e \u043a\u044a\u0434\u0435 \u0441\u0435 \u043d\u0430\u043c\u0438\u0440\u0430\u0442\u0435.<\/p>\n<\/body><\/html>","protected":false},"excerpt":{"rendered":"<p>A evolu\u00e7\u00e3o tecnol\u00f3gica dos dispositivos m\u00f3veis tem permitido que jogos antes exclusivos de consoles e PCs sejam jogados em smartphones e tablets. Entre esses jogos, destaca-se o Grand Theft Auto V (GTA V), um dos t\u00edtulos mais populares da Rockstar Games. \u00a0\u00a0 VEJA OS MELHORES APLICATIVOS \u00a0\u00a0 APLICATIVOS PARA ANDROID \u00a0\u00a0 APLICATIVOS PARA IOS Originalmente [&hellip;]<\/p>\n","protected":false},"author":1,"featured_media":0,"parent":0,"menu_order":0,"comment_status":"closed","ping_status":"closed","template":"","meta":{"footnotes":""},"class_list":["post-8019","page","type-page","status-publish","hentry"],"_links":{"self":[{"href":"https:\/\/dicasdorei.com\/bg\/wp-json\/wp\/v2\/pages\/8019","targetHints":{"allow":["GET"]}}],"collection":[{"href":"https:\/\/dicasdorei.com\/bg\/wp-json\/wp\/v2\/pages"}],"about":[{"href":"https:\/\/dicasdorei.com\/bg\/wp-json\/wp\/v2\/types\/page"}],"author":[{"embeddable":true,"href":"https:\/\/dicasdorei.com\/bg\/wp-json\/wp\/v2\/users\/1"}],"replies":[{"embeddable":true,"href":"https:\/\/dicasdorei.com\/bg\/wp-json\/wp\/v2\/comments?post=8019"}],"version-history":[{"count":4,"href":"https:\/\/dicasdorei.com\/bg\/wp-json\/wp\/v2\/pages\/8019\/revisions"}],"predecessor-version":[{"id":8053,"href":"https:\/\/dicasdorei.com\/bg\/wp-json\/wp\/v2\/pages\/8019\/revisions\/8053"}],"wp:attachment":[{"href":"https:\/\/dicasdorei.com\/bg\/wp-json\/wp\/v2\/media?parent=8019"}],"curies":[{"name":"\u0440\u0430\u0431\u043e\u0442\u043d\u0430 \u0441\u0440\u0435\u0449\u0430","href":"https:\/\/api.w.org\/{rel}","templated":true}]}}