{"id":8019,"date":"2024-05-27T23:34:51","date_gmt":"2024-05-28T02:34:51","guid":{"rendered":"https:\/\/dicasdorei.com\/?page_id=8019"},"modified":"2024-06-01T10:07:02","modified_gmt":"2024-06-01T13:07:02","slug":"lp-aplicativos-para-jogar-gta-v-no-celular","status":"publish","type":"page","link":"https:\/\/dicasdorei.com\/ar\/lp-aplicativos-para-jogar-gta-v-no-celular\/","title":{"rendered":"\u062a\u0637\u0628\u064a\u0642\u0627\u062a \u0644\u062a\u0634\u063a\u064a\u0644 \u0644\u0639\u0628\u0629 GTA V \u0639\u0644\u0649 \u0627\u0644\u0647\u0627\u062a\u0641 \u0627\u0644\u062e\u0644\u064a\u0648\u064a"},"content":{"rendered":"<html><body><p>\u0623\u062a\u0627\u062d \u0627\u0644\u062a\u0637\u0648\u0631 \u0627\u0644\u062a\u0643\u0646\u0648\u0644\u0648\u062c\u064a \u0644\u0644\u0623\u062c\u0647\u0632\u0629 \u0627\u0644\u0645\u062d\u0645\u0648\u0644\u0629 \u0625\u0645\u0643\u0627\u0646\u064a\u0629 \u0644\u0639\u0628 \u0627\u0644\u0623\u0644\u0639\u0627\u0628 \u0627\u0644\u062a\u064a \u0643\u0627\u0646\u062a \u0641\u064a \u0627\u0644\u0633\u0627\u0628\u0642 \u062d\u0643\u0631\u064b\u0627 \u0639\u0644\u0649 \u0645\u0646\u0635\u0627\u062a \u0627\u0644\u0623\u0644\u0639\u0627\u0628 \u0648\u0623\u062c\u0647\u0632\u0629 \u0627\u0644\u0643\u0645\u0628\u064a\u0648\u062a\u0631 \u0627\u0644\u0634\u062e\u0635\u064a\u0629 \u0639\u0644\u0649 \u0627\u0644\u0647\u0648\u0627\u062a\u0641 \u0627\u0644\u0630\u0643\u064a\u0629 \u0648\u0627\u0644\u0623\u062c\u0647\u0632\u0629 \u0627\u0644\u0644\u0648\u062d\u064a\u0629. \u0648\u0645\u0646 \u0628\u064a\u0646 \u0647\u0630\u0647 \u0627\u0644\u0623\u0644\u0639\u0627\u0628\u060c \u062a\u0628\u0631\u0632 \u0644\u0639\u0628\u0629 Grand Theft Auto V (GTA V)\u060c \u0625\u062d\u062f\u0649 \u0623\u0634\u0647\u0631 \u0623\u0644\u0639\u0627\u0628 Rockstar Games.<\/p>\n<p style=\"text-align: center;\"><a class=\"mb-button mb-style-flat mb-size-default mb-corners-default mb-text-style-default  broken_link\" style=\"background-color: #ff0000;\" href=\"https:\/\/dicasdorei.com\/ar\/aplicativo-para-jogar-gta-no-seu-celular\/\">\u00a0<i class=\"fa fa-arrow-circle-right\"><\/i>\u00a0 \u0634\u0627\u0647\u062f \u0623\u0641\u0636\u0644 \u0627\u0644\u062a\u0637\u0628\u064a\u0642\u0627\u062a<\/a><\/p>\n<p style=\"text-align: center;\"><a class=\"mb-button mb-style-flat mb-size-default mb-corners-default mb-text-style-default  broken_link\" style=\"background-color: #ff0000;\" href=\"https:\/\/dicasdorei.com\/ar\/aplicativo-para-jogar-gta-no-seu-celular\/\">\u00a0<i class=\"fa fa-arrow-circle-right\"><\/i>\u00a0 \u062a\u0637\u0628\u064a\u0642\u0627\u062a ANDROID<\/a><\/p>\n<p style=\"text-align: center;\"><a class=\"mb-button mb-style-flat mb-size-default mb-corners-default mb-text-style-default  broken_link\" style=\"background-color: #ff0000;\" href=\"https:\/\/dicasdorei.com\/ar\/aplicativo-para-jogar-gta-no-seu-celular\/\">\u00a0<i class=\"fa fa-arrow-circle-right\"><\/i>\u00a0 \u062a\u0637\u0628\u064a\u0642\u0627\u062a IOS<\/a><\/p>\n<p>\u0635\u062f\u0631\u062a \u0644\u0639\u0628\u0629 GTA V \u0639\u0627\u0645 \u0662\u0660\u0661\u0663 \u0644\u0623\u062c\u0647\u0632\u0629 \u0627\u0644\u0623\u0644\u0639\u0627\u0628\u060c \u062b\u0645 \u0644\u0623\u062c\u0647\u0632\u0629 \u0627\u0644\u0643\u0645\u0628\u064a\u0648\u062a\u0631\u060c \u0648\u0644\u0627 \u062a\u0632\u0627\u0644 \u062a\u062c\u0630\u0628 \u0627\u0644\u0644\u0627\u0639\u0628\u064a\u0646 \u0628\u0639\u0627\u0644\u0645\u0647\u0627 \u0627\u0644\u0645\u0641\u062a\u0648\u062d \u0648\u0642\u0635\u062a\u0647\u0627 \u0627\u0644\u062c\u0630\u0627\u0628\u0629 \u0648\u062a\u0646\u0648\u0639 \u0623\u0646\u0634\u0637\u062a\u0647\u0627. \u0642\u062f \u064a\u0628\u062f\u0648 \u0644\u0639\u0628 GTA V \u0639\u0644\u0649 \u0627\u0644\u0647\u0627\u062a\u0641 \u0627\u0644\u0645\u062d\u0645\u0648\u0644 \u0635\u0639\u0628\u064b\u0627 \u0646\u0638\u0631\u064b\u0627 \u0644\u0645\u062a\u0637\u0644\u0628\u0627\u062a \u0627\u0644\u0631\u0633\u0648\u0645\u0627\u062a \u0648\u0627\u0644\u0645\u0639\u0627\u0644\u062c\u060c \u0648\u0644\u0643\u0646 \u0647\u0646\u0627\u0643 \u062d\u0644\u0648\u0644 \u062a\u062a\u064a\u062d \u0647\u0630\u0647 \u0627\u0644\u062a\u062c\u0631\u0628\u0629. \u062f\u0639\u0648\u0646\u0627 \u0646\u0633\u062a\u0643\u0634\u0641 \u0628\u0639\u0636\u0647\u0627.<\/p>\n<h3>\u0628\u062b \u0627\u0644\u0623\u0644\u0639\u0627\u0628<\/h3>\n<p>\u0645\u0646 \u0623\u0643\u062b\u0631 \u0627\u0644\u0637\u0631\u0642 \u0641\u0639\u0627\u0644\u064a\u0629\u064b \u0644\u0644\u0639\u0628 GTA V \u0639\u0644\u0649 \u0627\u0644\u0647\u0627\u062a\u0641 \u0627\u0644\u0645\u062d\u0645\u0648\u0644 \u0647\u064a \u062e\u062f\u0645\u0627\u062a \u0628\u062b \u0627\u0644\u0623\u0644\u0639\u0627\u0628. \u062a\u062a\u064a\u062d \u0644\u0643 \u0647\u0630\u0647 \u0627\u0644\u062e\u062f\u0645\u0627\u062a \u0644\u0639\u0628 \u0623\u0644\u0639\u0627\u0628 \u0639\u0627\u0644\u064a\u0629 \u0627\u0644\u062c\u0648\u062f\u0629 \u062f\u0648\u0646 \u0627\u0644\u062d\u0627\u062c\u0629 \u0625\u0644\u0649 \u0623\u062c\u0647\u0632\u0629 \u0645\u062d\u0645\u0648\u0644\u0629 \u0642\u0648\u064a\u0629. \u0645\u0646 \u0623\u0634\u0647\u0631 \u0647\u0630\u0647 \u0627\u0644\u062e\u062f\u0645\u0627\u062a:<\/p>\n<p><strong>1. NVIDIA GeForce Now:<\/strong> GeForce Now \u0647\u064a \u062e\u062f\u0645\u0629 \u0628\u062b \u062a\u062a\u064a\u062d \u0644\u0644\u0627\u0639\u0628\u064a\u0646 \u0627\u0644\u0648\u0635\u0648\u0644 \u0625\u0644\u0649 \u0645\u0643\u062a\u0628\u0627\u062a \u0623\u0644\u0639\u0627\u0628\u0647\u0645 \u0639\u0628\u0631 \u0623\u062c\u0647\u0632\u0629 \u0645\u062a\u0639\u062f\u062f\u0629\u060c \u0628\u0645\u0627 \u0641\u064a \u0630\u0644\u0643 \u0627\u0644\u0647\u0648\u0627\u062a\u0641 \u0627\u0644\u0630\u0643\u064a\u0629 \u0648\u0627\u0644\u0623\u062c\u0647\u0632\u0629 \u0627\u0644\u0644\u0648\u062d\u064a\u0629 \u0627\u0644\u062a\u064a \u062a\u0639\u0645\u0644 \u0628\u0646\u0638\u0627\u0645 Android. \u0645\u0639 \u0627\u062a\u0635\u0627\u0644 \u0625\u0646\u062a\u0631\u0646\u062a \u0645\u0633\u062a\u0642\u0631\u060c \u064a\u0645\u0643\u0646\u0643 \u0644\u0639\u0628 GTA V \u0628\u0627\u0633\u062a\u062e\u062f\u0627\u0645 \u0627\u0644\u0628\u0646\u064a\u0629 \u0627\u0644\u062a\u062d\u062a\u064a\u0629 \u0644\u062e\u0627\u062f\u0645 NVIDIA\u060c \u0627\u0644\u0630\u064a \u064a\u0639\u0627\u0644\u062c \u0627\u0644\u0644\u0639\u0628\u0629 \u0648\u064a\u0628\u062b \u0627\u0644\u0641\u064a\u062f\u064a\u0648 \u0625\u0644\u0649 \u062c\u0647\u0627\u0632\u0643.<\/p>\n<p><strong>2. Xbox Game Pass Ultimate:<\/strong> \u062a\u0642\u062f\u0645 \u0645\u0627\u064a\u0643\u0631\u0648\u0633\u0648\u0641\u062a \u062e\u062f\u0645\u0629 Xbox Game Pass Ultimate\u060c \u0627\u0644\u062a\u064a \u062a\u062a\u0636\u0645\u0646 \u062e\u062f\u0645\u0629 \u0628\u062b \u0623\u0644\u0639\u0627\u0628 xCloud. \u0628\u0627\u0634\u062a\u0631\u0627\u0643 \u0646\u0634\u0637\u060c \u064a\u0645\u0643\u0646 \u0644\u0644\u0627\u0639\u0628\u064a\u0646 \u0627\u0644\u0648\u0635\u0648\u0644 \u0625\u0644\u0649 \u0645\u0643\u062a\u0628\u0629 \u0636\u062e\u0645\u0629 \u0645\u0646 \u0627\u0644\u0623\u0644\u0639\u0627\u0628\u060c \u0628\u0645\u0627 \u0641\u064a \u0630\u0644\u0643 GTA V\u060c \u0645\u0628\u0627\u0634\u0631\u0629\u064b \u0645\u0646 \u0623\u062c\u0647\u0632\u062a\u0647\u0645 \u0627\u0644\u0645\u062d\u0645\u0648\u0644\u0629. \u0648\u0645\u062b\u0644 GeForce Now\u060c \u062a\u0639\u062a\u0645\u062f xCloud \u0639\u0644\u0649 \u0627\u062a\u0635\u0627\u0644 \u0625\u0646\u062a\u0631\u0646\u062a \u0642\u0648\u064a \u0644\u0636\u0645\u0627\u0646 \u062a\u062c\u0631\u0628\u0629 \u0644\u0639\u0628 \u0633\u0644\u0633\u0629.<\/p>\n<div id=\"attachment_8020\" style=\"width: 760px\" class=\"wp-caption aligncenter\"><img loading=\"lazy\" decoding=\"async\" aria-describedby=\"caption-attachment-8020\" class=\"wp-image-8020 size-full\" src=\"https:\/\/dicasdorei.com\/wp-content\/uploads\/2024\/05\/02095937210037.webp\" alt=\"\" width=\"750\" height=\"500\" srcset=\"https:\/\/dicasdorei.com\/wp-content\/uploads\/2024\/05\/02095937210037.webp 750w, https:\/\/dicasdorei.com\/wp-content\/uploads\/2024\/05\/02095937210037-600x400.webp 600w, https:\/\/dicasdorei.com\/wp-content\/uploads\/2024\/05\/02095937210037-18x12.webp 18w\" sizes=\"auto, (max-width: 750px) 100vw, 750px\" \/><p id=\"caption-attachment-8020\" class=\"wp-caption-text\">\u0627\u0644\u0635\u0648\u0631\u0629 \u0645\u0623\u062e\u0648\u0630\u0629 \u0645\u0646 \u062c\u0648\u062c\u0644.<\/p><\/div>\n<p><strong>3. \u062c\u0648\u062c\u0644 \u0633\u062a\u0627\u062f\u064a\u0627:<\/strong> \u0633\u062a\u0627\u062f\u064a\u0627 \u0647\u064a \u0645\u0646\u0635\u0629 \u0628\u062b \u0623\u0644\u0639\u0627\u0628 \u062c\u0648\u062c\u0644\u060c \u0648\u0627\u0644\u062a\u064a \u062a\u062a\u064a\u062d \u0644\u0643 \u0623\u064a\u0636\u064b\u0627 \u0644\u0639\u0628 \u0623\u0644\u0639\u0627\u0628 \u0639\u0627\u0644\u064a\u0629 \u0627\u0644\u062c\u0648\u062f\u0629 \u0639\u0644\u0649 \u0627\u0644\u0623\u062c\u0647\u0632\u0629 \u0627\u0644\u0645\u062d\u0645\u0648\u0644\u0629. \u0645\u0639 \u0623\u0646 \u0644\u0639\u0628\u0629 GTA V \u063a\u064a\u0631 \u0645\u062a\u0648\u0641\u0631\u0629 \u0645\u0628\u0627\u0634\u0631\u0629\u064b \u0641\u064a \u0643\u062a\u0627\u0644\u0648\u062c \u0633\u062a\u0627\u062f\u064a\u0627\u060c \u0625\u0644\u0627 \u0623\u0646 \u0627\u0644\u0645\u0646\u0635\u0629 \u062a\u0648\u0641\u0631 \u0627\u0644\u0639\u062f\u064a\u062f \u0645\u0646 \u0627\u0644\u0623\u0644\u0639\u0627\u0628 \u0627\u0644\u0623\u062e\u0631\u0649 \u0639\u0627\u0644\u064a\u0629 \u0627\u0644\u062c\u0648\u062f\u0629\u060c \u0648\u0642\u062f \u062a\u064f\u0635\u0628\u062d \u062e\u064a\u0627\u0631\u064b\u0627 \u0645\u062a\u0627\u062d\u064b\u0627 \u0641\u064a \u0627\u0644\u0645\u0633\u062a\u0642\u0628\u0644.<\/p>\n<h3>\u062a\u0637\u0628\u064a\u0642\u0627\u062a \u0627\u0644\u0645\u062d\u0627\u0643\u0627\u0629<\/h3>\n<p>\u0637\u0631\u064a\u0642\u0629 \u0623\u062e\u0631\u0649 \u0644\u0644\u0639\u0628 GTA V \u0639\u0644\u0649 \u0627\u0644\u0647\u0627\u062a\u0641 \u0627\u0644\u0645\u062d\u0645\u0648\u0644 \u0647\u064a \u0627\u0633\u062a\u062e\u062f\u0627\u0645 \u0627\u0644\u0645\u062d\u0627\u0643\u064a\u0627\u062a. \u062a\u062a\u064a\u062d \u0644\u0643 \u0627\u0644\u0645\u062d\u0627\u0643\u064a\u0627\u062a \u062a\u0634\u063a\u064a\u0644 \u0623\u0644\u0639\u0627\u0628 \u0645\u0646 \u0645\u0646\u0635\u0627\u062a \u0623\u062e\u0631\u0649 \u0639\u0644\u0649 \u062c\u0647\u0627\u0632\u0643 \u0627\u0644\u0645\u062d\u0645\u0648\u0644. \u0645\u0639 \u0630\u0644\u0643\u060c \u062a\u062c\u062f\u0631 \u0627\u0644\u0625\u0634\u0627\u0631\u0629 \u0625\u0644\u0649 \u0623\u0646 \u0645\u062d\u0627\u0643\u0627\u0629 \u0627\u0644\u0623\u0644\u0639\u0627\u0628 \u0642\u062f \u062a\u0643\u0648\u0646 \u0645\u0639\u0642\u062f\u0629 \u0642\u0627\u0646\u0648\u0646\u064a\u064b\u0627 \u0648\u0642\u062f \u0644\u0627 \u062a\u0642\u062f\u0645 \u0623\u0641\u0636\u0644 \u062a\u062c\u0631\u0628\u0629 \u0645\u0646 \u062d\u064a\u062b \u0627\u0644\u0623\u062f\u0627\u0621 \u0648\u0627\u0644\u0631\u0633\u0648\u0645\u0627\u062a.<\/p>\n<p>\u062a\u062a\u0636\u0645\u0646 \u0628\u0639\u0636 \u0627\u0644\u0645\u062d\u0627\u0643\u064a\u0627\u062a \u0627\u0644\u0634\u0627\u0626\u0639\u0629 \u0645\u0627 \u064a\u0644\u064a:<\/p>\n<p style=\"text-align: center;\"><a class=\"mb-button mb-style-flat mb-size-default mb-corners-default mb-text-style-default  broken_link\" style=\"background-color: #ff0000;\" href=\"https:\/\/dicasdorei.com\/ar\/aplicativo-para-jogar-gta-no-seu-celular\/\">\u00a0<i class=\"fa fa-arrow-circle-right\"><\/i>\u00a0 \u0634\u0627\u0647\u062f \u0623\u0641\u0636\u0644 \u0627\u0644\u062a\u0637\u0628\u064a\u0642\u0627\u062a<\/a><\/p>\n<p style=\"text-align: center;\"><a class=\"mb-button mb-style-flat mb-size-default mb-corners-default mb-text-style-default  broken_link\" style=\"background-color: #ff0000;\" href=\"https:\/\/dicasdorei.com\/ar\/aplicativo-para-jogar-gta-no-seu-celular\/\">\u00a0<i class=\"fa fa-arrow-circle-right\"><\/i>\u00a0 \u062a\u0637\u0628\u064a\u0642\u0627\u062a ANDROID<\/a><\/p>\n<p style=\"text-align: center;\"><a class=\"mb-button mb-style-flat mb-size-default mb-corners-default mb-text-style-default  broken_link\" style=\"background-color: #ff0000;\" href=\"https:\/\/dicasdorei.com\/ar\/aplicativo-para-jogar-gta-no-seu-celular\/\">\u00a0<i class=\"fa fa-arrow-circle-right\"><\/i>\u00a0 \u062a\u0637\u0628\u064a\u0642\u0627\u062a IOS<\/a><\/p>\n<p><strong>1. \u0631\u0627\u0628\u0637 Steam:<\/strong> Steam Link \u0647\u0648 \u062a\u0637\u0628\u064a\u0642 \u0645\u0646 \u062a\u0637\u0648\u064a\u0631 Valve\u060c \u064a\u062a\u064a\u062d \u0644\u0643 \u0628\u062b \u0623\u0644\u0639\u0627\u0628 \u0645\u0643\u062a\u0628\u0629 Steam \u0645\u0646 \u062c\u0647\u0627\u0632 \u0627\u0644\u0643\u0645\u0628\u064a\u0648\u062a\u0631 \u0625\u0644\u0649 \u0647\u0627\u062a\u0641\u0643 \u0627\u0644\u0645\u062d\u0645\u0648\u0644. \u0647\u0630\u0627 \u064a\u0639\u0646\u064a \u0623\u0646\u0647 \u0625\u0630\u0627 \u0643\u0646\u062a \u062a\u0645\u0644\u0643 \u0644\u0639\u0628\u0629 GTA V \u0639\u0644\u0649 Steam\u060c \u0641\u064a\u0645\u0643\u0646\u0643 \u0644\u0639\u0628\u0647\u0627 \u0639\u0644\u0649 \u0647\u0627\u062a\u0641\u0643 \u0627\u0644\u0645\u062d\u0645\u0648\u0644 \u0637\u0627\u0644\u0645\u0627 \u0643\u0627\u0646 \u0645\u062a\u0635\u0644\u0627\u064b \u0628\u0646\u0641\u0633 \u0634\u0628\u0643\u0629 Wi-Fi \u0627\u0644\u062a\u064a \u064a\u062a\u0635\u0644 \u0628\u0647\u0627 \u062c\u0647\u0627\u0632 \u0627\u0644\u0643\u0645\u0628\u064a\u0648\u062a\u0631.<\/p>\n<p><strong>2. \u0628\u062b \u0644\u0639\u0628\u0629 Moonlight:<\/strong> Moonlight \u062a\u0637\u0628\u064a\u0642 \u0645\u0641\u062a\u0648\u062d \u0627\u0644\u0645\u0635\u062f\u0631 \u064a\u062a\u064a\u062d \u0644\u0643 \u0628\u062b \u0627\u0644\u0623\u0644\u0639\u0627\u0628 \u0645\u0646 \u062c\u0647\u0627\u0632 \u0627\u0644\u0643\u0645\u0628\u064a\u0648\u062a\u0631 \u0625\u0644\u0649 \u0627\u0644\u0623\u062c\u0647\u0632\u0629 \u0627\u0644\u0645\u062d\u0645\u0648\u0644\u0629. \u064a\u0639\u0645\u0644 \u0628\u0634\u0643\u0644 \u0645\u0634\u0627\u0628\u0647 \u0644\u0640 Steam Link\u060c \u0648\u0644\u0643\u0646\u0647 \u064a\u0648\u0641\u0631 \u0645\u0631\u0648\u0646\u0629 \u0623\u0643\u0628\u0631 \u0648\u0645\u062a\u0648\u0627\u0641\u0642 \u0645\u0639 \u0623\u0644\u0639\u0627\u0628 NVIDIA.<\/p>\n<h3>\u0627\u0644\u062a\u0639\u062f\u064a\u0644\u0627\u062a \u0648\u0627\u0644\u0645\u0646\u0627\u0641\u0630 \u063a\u064a\u0631 \u0627\u0644\u0631\u0633\u0645\u064a\u0629<\/h3>\n<p>\u0628\u0627\u0644\u0625\u0636\u0627\u0641\u0629 \u0625\u0644\u0649 \u062e\u064a\u0627\u0631\u0627\u062a \u0627\u0644\u0628\u062b \u0648\u0627\u0644\u0645\u062d\u0627\u0643\u0627\u0629\u060c \u0647\u0646\u0627\u0643 \u0623\u064a\u0636\u064b\u0627 \u062a\u0639\u062f\u064a\u0644\u0627\u062a \u0648\u0645\u0646\u0627\u0641\u0630 \u063a\u064a\u0631 \u0631\u0633\u0645\u064a\u0629 \u062a\u0647\u062f\u0641 \u0625\u0644\u0649 \u062c\u0644\u0628 \u062a\u062c\u0631\u0628\u0629 GTA V \u0625\u0644\u0649 \u0627\u0644\u0623\u062c\u0647\u0632\u0629 \u0627\u0644\u0645\u062d\u0645\u0648\u0644\u0629. \u0647\u0630\u0647 \u0627\u0644\u0645\u0634\u0627\u0631\u064a\u0639 \u0645\u0646 \u062a\u0637\u0648\u064a\u0631 \u0647\u0648\u0627\u0629\u060c \u0648\u0642\u062f \u062a\u062e\u062a\u0644\u0641 \u062c\u0648\u062f\u062a\u0647\u0627 \u0648\u0627\u0633\u062a\u0642\u0631\u0627\u0631\u0647\u0627. \u0645\u0646 \u0627\u0644\u0645\u0647\u0645 \u062a\u0648\u062e\u064a \u0627\u0644\u062d\u0630\u0631 \u0639\u0646\u062f \u062a\u0646\u0632\u064a\u0644 \u0647\u0630\u0647 \u0627\u0644\u0645\u0644\u0641\u0627\u062a \u0648\u062a\u062b\u0628\u064a\u062a\u0647\u0627\u060c \u0641\u0642\u062f \u062a\u062d\u062a\u0648\u064a \u0639\u0644\u0649 \u0628\u0631\u0627\u0645\u062c \u0636\u0627\u0631\u0629 \u0623\u0648 \u0623\u0639\u0637\u0627\u0644.<\/p>\n<h3>\u0627\u0644\u0627\u0639\u062a\u0628\u0627\u0631\u0627\u062a \u0627\u0644\u0646\u0647\u0627\u0626\u064a\u0629<\/h3>\n<p>\u0623\u0635\u0628\u062d \u0644\u0639\u0628 GTA V \u0639\u0644\u0649 \u0627\u0644\u0647\u0648\u0627\u062a\u0641 \u0627\u0644\u0645\u062d\u0645\u0648\u0644\u0629 \u062d\u0642\u064a\u0642\u0629\u064b \u0628\u0641\u0636\u0644 \u0627\u0644\u062a\u0637\u0648\u0631\u0627\u062a \u0641\u064a \u062a\u0642\u0646\u064a\u0627\u062a \u0627\u0644\u0628\u062b \u0648\u0627\u0644\u0645\u062d\u0627\u0643\u0627\u0629. \u0648\u0631\u063a\u0645 \u0639\u062f\u0645 \u0648\u062c\u0648\u062f \u0646\u0633\u062e\u0629 \u0631\u0633\u0645\u064a\u0629 \u0645\u0646 GTA V \u0644\u0644\u0623\u062c\u0647\u0632\u0629 \u0627\u0644\u0645\u062d\u0645\u0648\u0644\u0629\u060c \u0625\u0644\u0627 \u0623\u0646 \u0627\u0644\u062d\u0644\u0648\u0644 \u0627\u0644\u0645\u0630\u0643\u0648\u0631\u0629 \u0623\u0639\u0644\u0627\u0647 \u062a\u064f\u0642\u062f\u0645 \u0628\u062f\u0627\u0626\u0644 \u0641\u0639\u0651\u0627\u0644\u0629 \u0644\u0645\u062d\u0628\u064a \u0627\u0644\u0644\u0639\u0628\u0629 \u0627\u0644\u0631\u0627\u063a\u0628\u064a\u0646 \u0628\u0627\u0644\u0644\u0639\u0628 \u0639\u0644\u0649 \u0647\u0648\u0627\u062a\u0641\u0647\u0645 \u0627\u0644\u0630\u0643\u064a\u0629 \u0623\u0648 \u0623\u062c\u0647\u0632\u062a\u0647\u0645 \u0627\u0644\u0644\u0648\u062d\u064a\u0629.<\/p>\n<p style=\"text-align: center;\"><a class=\"mb-button mb-style-flat mb-size-default mb-corners-default mb-text-style-default  broken_link\" style=\"background-color: #ff0000;\" href=\"https:\/\/dicasdorei.com\/ar\/aplicativo-para-jogar-gta-no-seu-celular\/\">\u00a0<i class=\"fa fa-arrow-circle-right\"><\/i>\u00a0 \u0634\u0627\u0647\u062f \u0623\u0641\u0636\u0644 \u0627\u0644\u062a\u0637\u0628\u064a\u0642\u0627\u062a<\/a><\/p>\n<p style=\"text-align: center;\"><a class=\"mb-button mb-style-flat mb-size-default mb-corners-default mb-text-style-default  broken_link\" style=\"background-color: #ff0000;\" href=\"https:\/\/dicasdorei.com\/ar\/aplicativo-para-jogar-gta-no-seu-celular\/\">\u00a0<i class=\"fa fa-arrow-circle-right\"><\/i>\u00a0 \u062a\u0637\u0628\u064a\u0642\u0627\u062a ANDROID<\/a><\/p>\n<p style=\"text-align: center;\"><a class=\"mb-button mb-style-flat mb-size-default mb-corners-default mb-text-style-default  broken_link\" style=\"background-color: #ff0000;\" href=\"https:\/\/dicasdorei.com\/ar\/aplicativo-para-jogar-gta-no-seu-celular\/\">\u00a0<i class=\"fa fa-arrow-circle-right\"><\/i>\u00a0 \u062a\u0637\u0628\u064a\u0642\u0627\u062a IOS<\/a><\/p>\n<p>\u0645\u0641\u062a\u0627\u062d \u062a\u062c\u0631\u0628\u0629 \u0645\u064f\u0631\u0636\u064a\u0629 \u0647\u0648 \u0627\u062a\u0635\u0627\u0644 \u0625\u0646\u062a\u0631\u0646\u062a \u0645\u0633\u062a\u0642\u0631 \u0648\u0633\u0631\u064a\u0639\u060c \u0628\u0627\u0644\u0625\u0636\u0627\u0641\u0629 \u0625\u0644\u0649 \u062c\u0647\u0627\u0632 \u0645\u062d\u0645\u0648\u0644 \u0645\u062a\u0648\u0627\u0641\u0642. \u0645\u0639 \u0647\u0630\u0647 \u0627\u0644\u0623\u062f\u0648\u0627\u062a\u060c \u0633\u064a\u0643\u0648\u0646 \u0639\u0627\u0644\u0645 \u0644\u0648\u0633 \u0633\u0627\u0646\u062a\u0648\u0633 \u0627\u0644\u0634\u0627\u0633\u0639 \u0648\u0627\u0644\u0645\u062b\u064a\u0631 \u0641\u064a \u0645\u062a\u0646\u0627\u0648\u0644 \u064a\u062f\u064a\u0643\u060c \u0623\u064a\u0646\u0645\u0627 \u0643\u0646\u062a.<\/p>\n<\/body><\/html>","protected":false},"excerpt":{"rendered":"<p>A evolu\u00e7\u00e3o tecnol\u00f3gica dos dispositivos m\u00f3veis tem permitido que jogos antes exclusivos de consoles e PCs sejam jogados em smartphones e tablets. Entre esses jogos, destaca-se o Grand Theft Auto V (GTA V), um dos t\u00edtulos mais populares da Rockstar Games. \u00a0\u00a0 VEJA OS MELHORES APLICATIVOS \u00a0\u00a0 APLICATIVOS PARA ANDROID \u00a0\u00a0 APLICATIVOS PARA IOS Originalmente [&hellip;]<\/p>\n","protected":false},"author":1,"featured_media":0,"parent":0,"menu_order":0,"comment_status":"closed","ping_status":"closed","template":"","meta":{"footnotes":""},"class_list":["post-8019","page","type-page","status-publish","hentry"],"_links":{"self":[{"href":"https:\/\/dicasdorei.com\/ar\/wp-json\/wp\/v2\/pages\/8019","targetHints":{"allow":["GET"]}}],"collection":[{"href":"https:\/\/dicasdorei.com\/ar\/wp-json\/wp\/v2\/pages"}],"about":[{"href":"https:\/\/dicasdorei.com\/ar\/wp-json\/wp\/v2\/types\/page"}],"author":[{"embeddable":true,"href":"https:\/\/dicasdorei.com\/ar\/wp-json\/wp\/v2\/users\/1"}],"replies":[{"embeddable":true,"href":"https:\/\/dicasdorei.com\/ar\/wp-json\/wp\/v2\/comments?post=8019"}],"version-history":[{"count":4,"href":"https:\/\/dicasdorei.com\/ar\/wp-json\/wp\/v2\/pages\/8019\/revisions"}],"predecessor-version":[{"id":8053,"href":"https:\/\/dicasdorei.com\/ar\/wp-json\/wp\/v2\/pages\/8019\/revisions\/8053"}],"wp:attachment":[{"href":"https:\/\/dicasdorei.com\/ar\/wp-json\/wp\/v2\/media?parent=8019"}],"curies":[{"name":"\u0648\u0648\u0631\u062f\u0628\u0631\u064a\u0633","href":"https:\/\/api.w.org\/{rel}","templated":true}]}}