{"id":7985,"date":"2024-05-25T00:25:16","date_gmt":"2024-05-25T03:25:16","guid":{"rendered":"https:\/\/dicasdorei.com\/?page_id=7985"},"modified":"2024-05-28T01:12:31","modified_gmt":"2024-05-28T04:12:31","slug":"lp-como-obter-um-emprestimo-pessoal-creditis","status":"publish","type":"page","link":"https:\/\/dicasdorei.com\/ar\/lp-como-obter-um-emprestimo-pessoal-creditis\/","title":{"rendered":"\u0643\u064a\u0641\u064a\u0629 \u0627\u0644\u062d\u0635\u0648\u0644 \u0639\u0644\u0649 \u0642\u0631\u0636 \u0634\u062e\u0635\u064a \u0645\u0646 Creditis"},"content":{"rendered":"<html><body><p>\u0642\u062f \u064a\u0628\u062f\u0648 \u0627\u0644\u062d\u0635\u0648\u0644 \u0639\u0644\u0649 \u0642\u0631\u0636 \u0634\u062e\u0635\u064a \u0628\u0645\u062b\u0627\u0628\u0629 \u0639\u0645\u0644\u064a\u0629 \u0645\u0639\u0642\u062f\u0629\u060c \u0648\u0644\u0643\u0646 \u0645\u0639 Creditis\u060c \u0627\u0644\u0623\u0645\u0631 \u0628\u0633\u064a\u0637 \u0648\u0634\u0641\u0627\u0641. \u0641\u064a \u0647\u0630\u0627 \u0627\u0644\u062f\u0644\u064a\u0644\u060c \u0633\u0646\u0633\u062a\u0643\u0634\u0641 \u0627\u0644\u062e\u0637\u0648\u0627\u062a \u0627\u0644\u0623\u0633\u0627\u0633\u064a\u0629 \u0644\u0644\u062d\u0635\u0648\u0644 \u0639\u0644\u0649 \u0642\u0631\u0636 \u0634\u062e\u0635\u064a \u0645\u0646 Creditis\u060c \u0628\u0627\u0644\u0625\u0636\u0627\u0641\u0629 \u0625\u0644\u0649 \u0645\u0632\u0627\u064a\u0627 \u0627\u062e\u062a\u064a\u0627\u0631 \u0647\u0630\u0627 \u0627\u0644\u062e\u064a\u0627\u0631 \u0644\u062a\u0644\u0628\u064a\u0629 \u0627\u062d\u062a\u064a\u0627\u062c\u0627\u062a\u0643 \u0627\u0644\u0645\u0627\u0644\u064a\u0629.<\/p>\n<p style=\"text-align: center;\"><a class=\"mb-button mb-style-traditional mb-size-default mb-corners-default mb-text-style-default  broken_link\" style=\"background-color: #2bc470;\" href=\"https:\/\/dicasdorei.com\/ar\/emprestimo-pessoal-creditis-guia-passo-a-passo-para-solicitacao\/\">\u00a0<i class=\"fa fa-arrow-circle-right\"><\/i>\u00a0 \u0643\u064a\u0641\u064a\u0629 \u0627\u0644\u062a\u0642\u062f\u0645 \u0628\u0637\u0644\u0628 \u0644\u0644\u062d\u0635\u0648\u0644 \u0639\u0644\u0649 \u0642\u0631\u0636 \u0634\u062e\u0635\u064a \u0645\u0646 CREDITIS \u27a1\ufe0f<\/a><\/p>\n<p style=\"text-align: center;\"><a class=\"mb-button mb-style-traditional mb-size-default mb-corners-default mb-text-style-default  broken_link\" style=\"background-color: #2bc470;\" href=\"https:\/\/dicasdorei.com\/ar\/emprestimo-pessoal-creditis-guia-passo-a-passo-para-solicitacao\/\">\u00a0<i class=\"fa fa-arrow-circle-right\"><\/i>\u00a0 \u0634\u0627\u0647\u062f \u0623\u0641\u0636\u0644 \u0627\u0644\u0623\u0633\u0639\u0627\u0631 \u27a1\ufe0f<\/a><\/p>\n<p style=\"text-align: center;\"><a class=\"mb-button mb-style-traditional mb-size-default mb-corners-default mb-text-style-default  broken_link\" style=\"background-color: #2bc470;\" href=\"https:\/\/dicasdorei.com\/ar\/emprestimo-pessoal-creditis-guia-passo-a-passo-para-solicitacao\/\">\u00a0<i class=\"fa fa-arrow-circle-right\"><\/i>\u00a0 \u0623\u0641\u0636\u0644 \u0627\u0626\u062a\u0645\u0627\u0646 \u0641\u064a \u0627\u0644\u0633\u0648\u0642 \u27a1\ufe0f<\/a><\/p>\n<h3>\u062e\u0637\u0648\u0627\u062a \u0627\u0644\u062d\u0635\u0648\u0644 \u0639\u0644\u0649 \u0627\u0644\u0642\u0631\u0636 \u0627\u0644\u0634\u062e\u0635\u064a Creditis<\/h3>\n<p><strong>1. \u062a\u0642\u064a\u064a\u0645 \u0627\u0644\u0627\u062d\u062a\u064a\u0627\u062c\u0627\u062a \u0627\u0644\u0645\u0627\u0644\u064a\u0629<\/strong><\/p>\n<p>\u0627\u0644\u062e\u0637\u0648\u0629 \u0627\u0644\u0623\u0648\u0644\u0649 \u0644\u0644\u062d\u0635\u0648\u0644 \u0639\u0644\u0649 \u0642\u0631\u0636 \u0634\u062e\u0635\u064a \u0645\u0646 Creditis \u0647\u064a \u062a\u0642\u064a\u064a\u0645 \u0627\u062d\u062a\u064a\u0627\u062c\u0627\u062a\u0643 \u0627\u0644\u0645\u0627\u0644\u064a\u0629 \u0628\u0639\u0646\u0627\u064a\u0629. \u0633\u064a\u0633\u0627\u0639\u062f\u0643 \u0647\u0630\u0627 \u0639\u0644\u0649 \u062a\u062d\u062f\u064a\u062f \u0627\u0644\u0645\u0628\u0644\u063a \u0627\u0644\u062f\u0642\u064a\u0642 \u0627\u0644\u0630\u064a \u062a\u062d\u062a\u0627\u062c\u0647 \u0648\u0641\u062a\u0631\u0629 \u0627\u0644\u0633\u062f\u0627\u062f \u0627\u0644\u062a\u064a \u062a\u0646\u0627\u0633\u0628 \u0638\u0631\u0648\u0641\u0643. \u064a\u0642\u062f\u0645 Creditis \u0645\u062c\u0645\u0648\u0639\u0629 \u0645\u0646 \u062e\u064a\u0627\u0631\u0627\u062a \u0627\u0644\u0642\u0631\u0648\u0636\u060c \u0644\u0630\u0644\u0643 \u0645\u0646 \u0627\u0644\u0645\u0647\u0645 \u0623\u0646 \u064a\u0643\u0648\u0646 \u0644\u062f\u064a\u0643 \u0641\u0643\u0631\u0629 \u0648\u0627\u0636\u062d\u0629 \u0639\u0646 \u0627\u062d\u062a\u064a\u0627\u062c\u0627\u062a\u0643 \u0642\u0628\u0644 \u0627\u0644\u0645\u062a\u0627\u0628\u0639\u0629.<\/p>\n<p><strong>2. \u062c\u0645\u0639 \u0627\u0644\u0648\u062b\u0627\u0626\u0642 \u0627\u0644\u0644\u0627\u0632\u0645\u0629<\/strong><\/p>\n<p><img loading=\"lazy\" decoding=\"async\" class=\"aligncenter wp-image-8009 size-full\" src=\"\/wp-content\/imgs-converts\/2024\/06\/recover-deleted-photos-4.webp\" alt=\"\" width=\"1080\" height=\"1080\"><\/p>\n<p>\u0642\u0628\u0644 \u062a\u0642\u062f\u064a\u0645 \u0637\u0644\u0628\u0643\u060c \u062a\u0623\u0643\u062f \u0645\u0646 \u062d\u0635\u0648\u0644\u0643 \u0639\u0644\u0649 \u062c\u0645\u064a\u0639 \u0627\u0644\u0645\u0633\u062a\u0646\u062f\u0627\u062a \u0627\u0644\u0644\u0627\u0632\u0645\u0629. \u0639\u0627\u062f\u0629\u064b\u060c \u064a\u062a\u0637\u0644\u0628 Creditis \u0627\u0644\u0645\u0633\u062a\u0646\u062f\u0627\u062a \u0627\u0644\u062a\u0627\u0644\u064a\u0629:<\/p>\n<ul>\n<li>\u0648\u062b\u064a\u0642\u0629 \u0647\u0648\u064a\u0629 \u0635\u0627\u0644\u062d\u0629 (\u0628\u0637\u0627\u0642\u0629 \u0627\u0644\u0647\u0648\u064a\u0629 \u0623\u0648 \u062c\u0648\u0627\u0632 \u0627\u0644\u0633\u0641\u0631)<\/li>\n<li>CPF<\/li>\n<li>\u0625\u062b\u0628\u0627\u062a \u0627\u0644\u062f\u062e\u0644 (\u0645\u062b\u0644 \u0642\u0633\u0627\u0626\u0645 \u0627\u0644\u062f\u0641\u0639 \u0623\u0648 \u0625\u0642\u0631\u0627\u0631\u0627\u062a \u0636\u0631\u064a\u0628\u0629 \u0627\u0644\u062f\u062e\u0644 \u0623\u0648 \u0623\u064a \u0645\u0633\u062a\u0646\u062f \u0622\u062e\u0631 \u064a\u062b\u0628\u062a \u0642\u062f\u0631\u062a\u0643 \u0639\u0644\u0649 \u0627\u0644\u062f\u0641\u0639)<\/li>\n<li>\u0642\u062f \u062a\u0643\u0648\u0646 \u0647\u0646\u0627\u0643 \u062d\u0627\u062c\u0629 \u0625\u0644\u0649 \u0648\u062b\u0627\u0626\u0642 \u0625\u0636\u0627\u0641\u064a\u0629 \u0627\u0639\u062a\u0645\u0627\u062f\u0627 \u0639\u0644\u0649 \u0648\u0636\u0639\u0643 \u0627\u0644\u0645\u0627\u0644\u064a.<\/li>\n<\/ul>\n<p><strong>3. \u0627\u0633\u062a\u0643\u0645\u0627\u0644 \u0627\u0644\u0637\u0644\u0628 \u0639\u0628\u0631 \u0627\u0644\u0625\u0646\u062a\u0631\u0646\u062a<\/strong><\/p>\n<p>\u062a\u062c\u0639\u0644 Creditis \u0639\u0645\u0644\u064a\u0629 \u0627\u0644\u062a\u0642\u062f\u064a\u0645 \u0628\u0633\u064a\u0637\u0629 \u0648\u0645\u0631\u064a\u062d\u0629 \u0644\u0644\u063a\u0627\u064a\u0629 \u0645\u0646 \u062e\u0644\u0627\u0644 \u0645\u0646\u0635\u062a\u0647\u0627 \u0639\u0628\u0631 \u0627\u0644\u0625\u0646\u062a\u0631\u0646\u062a. \u0645\u0627 \u0639\u0644\u064a\u0643 \u0633\u0648\u0649 \u0632\u064a\u0627\u0631\u0629 \u0645\u0648\u0642\u0639 Creditis \u0648\u0645\u0644\u0621 \u0646\u0645\u0648\u0630\u062c \u0627\u0644\u0637\u0644\u0628. \u0633\u0648\u0641 \u062a\u062d\u062a\u0627\u062c \u0625\u0644\u0649 \u062a\u0642\u062f\u064a\u0645 \u0645\u0639\u0644\u0648\u0645\u0627\u062a \u0634\u062e\u0635\u064a\u0629 \u0648\u062a\u0641\u0627\u0635\u064a\u0644 \u062d\u0648\u0644 \u0646\u0648\u0639 \u0627\u0644\u0642\u0631\u0636 \u0627\u0644\u0630\u064a \u062a\u0628\u062d\u062b \u0639\u0646\u0647. \u0627\u0644\u0646\u0638\u0627\u0645 \u0633\u0647\u0644 \u0627\u0644\u0627\u0633\u062a\u062e\u062f\u0627\u0645 \u0648\u0633\u064a\u0631\u0634\u062f\u0643 \u062e\u0644\u0627\u0644 \u0643\u0644 \u062e\u0637\u0648\u0629 \u0645\u0646 \u0627\u0644\u0639\u0645\u0644\u064a\u0629.<\/p>\n<p><strong>4. \u0637\u0644\u0628 \u0627\u0644\u062a\u0642\u064a\u064a\u0645<\/strong><\/p>\n<p>\u0628\u0639\u062f \u062a\u0642\u062f\u064a\u0645 \u0627\u0644\u0637\u0644\u0628\u060c \u0633\u064a\u0642\u0648\u0645 \u0641\u0631\u064a\u0642 Creditis \u0628\u062a\u0642\u064a\u064a\u0645 \u0645\u0639\u0644\u0648\u0645\u0627\u062a\u0643. \u062a\u062a\u0636\u0645\u0646 \u0647\u0630\u0647 \u0627\u0644\u0639\u0645\u0644\u064a\u0629 \u0627\u0644\u062a\u062d\u0642\u0642 \u0645\u0646 \u0642\u062f\u0631\u062a\u0643 \u0639\u0644\u0649 \u0627\u0644\u062f\u0641\u0639 \u0648\u062a\u0642\u064a\u064a\u0645 \u0645\u0644\u0641\u0643 \u0627\u0644\u0627\u0626\u062a\u0645\u0627\u0646\u064a. \u062a\u0644\u062a\u0632\u0645 Creditis \u0628\u062a\u0642\u062f\u064a\u0645 \u0627\u0633\u062a\u062c\u0627\u0628\u0629 \u0633\u0631\u064a\u0639\u0629\u060c \u0639\u0627\u062f\u0629 \u0641\u064a \u063a\u0636\u0648\u0646 24-48 \u0633\u0627\u0639\u0629\u060c \u0644\u0630\u0644\u0643 \u0644\u0627 \u064a\u062a\u0639\u064a\u0646 \u0639\u0644\u064a\u0643 \u0627\u0644\u0627\u0646\u062a\u0638\u0627\u0631 \u0644\u0641\u062a\u0631\u0629 \u0637\u0648\u064a\u0644\u0629 \u0644\u0645\u0639\u0631\u0641\u0629 \u0645\u0627 \u0625\u0630\u0627 \u0643\u0627\u0646 \u0637\u0644\u0628\u0643 \u0642\u062f \u062a\u0645\u062a \u0627\u0644\u0645\u0648\u0627\u0641\u0642\u0629 \u0639\u0644\u064a\u0647.<\/p>\n<p><strong>5. \u0627\u0633\u062a\u0644\u0627\u0645 \u0645\u0642\u062a\u0631\u062d \u0627\u0644\u0642\u0631\u0636<\/strong><\/p>\n<p style=\"text-align: center;\"><a class=\"mb-button mb-style-traditional mb-size-default mb-corners-default mb-text-style-default  broken_link\" style=\"background-color: #2bc470;\" href=\"https:\/\/dicasdorei.com\/ar\/emprestimo-pessoal-creditis-guia-passo-a-passo-para-solicitacao\/\">\u00a0<i class=\"fa fa-arrow-circle-right\"><\/i>\u00a0 \u0643\u064a\u0641\u064a\u0629 \u0627\u0644\u062a\u0642\u062f\u0645 \u0628\u0637\u0644\u0628 \u0644\u0644\u062d\u0635\u0648\u0644 \u0639\u0644\u0649 \u0642\u0631\u0636 \u0634\u062e\u0635\u064a \u0645\u0646 CREDITIS \u27a1\ufe0f<\/a><\/p>\n<p style=\"text-align: center;\"><a class=\"mb-button mb-style-traditional mb-size-default mb-corners-default mb-text-style-default  broken_link\" style=\"background-color: #2bc470;\" href=\"https:\/\/dicasdorei.com\/ar\/emprestimo-pessoal-creditis-guia-passo-a-passo-para-solicitacao\/\">\u00a0<i class=\"fa fa-arrow-circle-right\"><\/i>\u00a0 \u0634\u0627\u0647\u062f \u0623\u0641\u0636\u0644 \u0627\u0644\u0623\u0633\u0639\u0627\u0631 \u27a1\ufe0f<\/a><\/p>\n<p style=\"text-align: center;\"><a class=\"mb-button mb-style-traditional mb-size-default mb-corners-default mb-text-style-default  broken_link\" style=\"background-color: #2bc470;\" href=\"https:\/\/dicasdorei.com\/ar\/emprestimo-pessoal-creditis-guia-passo-a-passo-para-solicitacao\/\">\u00a0<i class=\"fa fa-arrow-circle-right\"><\/i>\u00a0 \u0623\u0641\u0636\u0644 \u0627\u0626\u062a\u0645\u0627\u0646 \u0641\u064a \u0627\u0644\u0633\u0648\u0642 \u27a1\ufe0f<\/a><\/p>\n<p>\u0625\u0630\u0627 \u062a\u0645\u062a \u0627\u0644\u0645\u0648\u0627\u0641\u0642\u0629 \u0639\u0644\u0649 \u0637\u0644\u0628\u0643\u060c \u0633\u0648\u0641 \u062a\u062a\u0644\u0642\u0649 \u0645\u0642\u062a\u0631\u062d \u0642\u0631\u0636 \u0645\u0641\u0635\u0644. \u0648\u0633\u064a\u0634\u0645\u0644 \u0630\u0644\u0643 \u062c\u0645\u064a\u0639 \u0627\u0644\u0645\u0639\u0644\u0648\u0645\u0627\u062a \u0630\u0627\u062a \u0627\u0644\u0635\u0644\u0629 \u0645\u062b\u0644 \u0645\u0628\u0644\u063a \u0627\u0644\u0642\u0631\u0636 \u0648\u0633\u0639\u0631 \u0627\u0644\u0641\u0627\u0626\u062f\u0629 \u0648\u0641\u062a\u0631\u0629 \u0627\u0644\u0633\u062f\u0627\u062f \u0648\u0623\u064a \u0634\u0631\u0648\u0637 \u0623\u062e\u0631\u0649 \u0645\u0639\u0645\u0648\u0644 \u0628\u0647\u0627. \u0645\u0646 \u0627\u0644\u0645\u0647\u0645 \u0642\u0631\u0627\u0621\u0629 \u0627\u0644\u0627\u0642\u062a\u0631\u0627\u062d \u0628\u0639\u0646\u0627\u064a\u0629 \u0648\u0627\u0644\u062a\u0623\u0643\u062f \u0645\u0646 \u0641\u0647\u0645\u0643 \u0644\u062c\u0645\u064a\u0639 \u0627\u0644\u0634\u0631\u0648\u0637 \u0642\u0628\u0644 \u0642\u0628\u0648\u0644\u0647.<\/p>\n<p><strong>6. \u0642\u0628\u0648\u0644 \u0627\u0644\u0627\u0642\u062a\u0631\u0627\u062d \u0648\u0627\u0644\u0625\u0641\u0631\u0627\u062c \u0639\u0646 \u0627\u0644\u0623\u0645\u0648\u0627\u0644<\/strong><\/p>\n<p>\u0628\u0639\u062f \u0645\u0631\u0627\u062c\u0639\u0629 \u0627\u0644\u0627\u0642\u062a\u0631\u0627\u062d \u0648\u0642\u0628\u0648\u0644 \u0627\u0644\u0634\u0631\u0648\u0637\u060c \u064a\u0645\u0643\u0646\u0643 \u0627\u0644\u062a\u0648\u0642\u064a\u0639 \u0639\u0644\u0649 \u0627\u062a\u0641\u0627\u0642\u064a\u0629 \u0627\u0644\u0642\u0631\u0636. \u0628\u0645\u062c\u0631\u062f \u0627\u0643\u062a\u0645\u0627\u0644 \u0647\u0630\u0647 \u0627\u0644\u062e\u0637\u0648\u0629\u060c \u0633\u064a\u062a\u0645 \u062a\u062d\u0648\u064a\u0644 \u0627\u0644\u0623\u0645\u0648\u0627\u0644 \u0625\u0644\u0649 \u062d\u0633\u0627\u0628\u0643 \u0627\u0644\u0628\u0646\u0643\u064a. \u062a\u0644\u062a\u0632\u0645 Creditis \u0628\u062c\u0639\u0644 \u0647\u0630\u0647 \u0627\u0644\u0639\u0645\u0644\u064a\u0629 \u0633\u0631\u064a\u0639\u0629 \u0642\u062f\u0631 \u0627\u0644\u0625\u0645\u0643\u0627\u0646\u060c \u062d\u062a\u0649 \u062a\u062a\u0645\u0643\u0646 \u0645\u0646 \u0627\u0644\u0648\u0635\u0648\u0644 \u0625\u0644\u0649 \u0627\u0644\u0623\u0645\u0648\u0627\u0644 \u0641\u064a \u0648\u0642\u062a \u0642\u0635\u064a\u0631.<\/p>\n<h3>\u0645\u0632\u0627\u064a\u0627 \u0627\u062e\u062a\u064a\u0627\u0631 Creditis<\/h3>\n<p><strong>1. \u0627\u0644\u0645\u0631\u0648\u0646\u0629 \u0641\u064a \u062e\u064a\u0627\u0631\u0627\u062a \u0627\u0644\u0642\u0631\u0648\u0636<\/strong><\/p>\n<p>\u064a\u0642\u062f\u0645 Creditis \u0645\u062c\u0645\u0648\u0639\u0629 \u0648\u0627\u0633\u0639\u0629 \u0645\u0646 \u062e\u064a\u0627\u0631\u0627\u062a \u0627\u0644\u0642\u0631\u0648\u0636\u060c \u0642\u0627\u0628\u0644\u0629 \u0644\u0644\u062a\u0643\u064a\u0641 \u0645\u0639 \u0627\u0644\u0627\u062d\u062a\u064a\u0627\u062c\u0627\u062a \u0627\u0644\u0645\u0627\u0644\u064a\u0629 \u0627\u0644\u0645\u062e\u062a\u0644\u0641\u0629. \u0633\u0648\u0627\u0621 \u0643\u0646\u062a \u0628\u062d\u0627\u062c\u0629 \u0625\u0644\u0649 \u0645\u0628\u0644\u063a \u0635\u063a\u064a\u0631 \u0644\u062a\u063a\u0637\u064a\u0629 \u0646\u0641\u0642\u0627\u062a \u063a\u064a\u0631 \u0645\u062a\u0648\u0642\u0639\u0629 \u0623\u0648 \u0645\u0628\u0644\u063a \u0623\u0643\u0628\u0631 \u0644\u0645\u0634\u0631\u0648\u0639 \u0643\u0628\u064a\u0631\u060c \u0641\u0625\u0646 Creditis \u0644\u062f\u064a\u0647 \u0627\u0644\u062d\u0644 \u0627\u0644\u0645\u0646\u0627\u0633\u0628 \u0644\u0643.<\/p>\n<p><strong>2. \u0623\u0633\u0639\u0627\u0631 \u0641\u0627\u0626\u062f\u0629 \u062a\u0646\u0627\u0641\u0633\u064a\u0629<\/strong><\/p>\n<p>\u0625\u062d\u062f\u0649 \u0627\u0644\u0645\u0632\u0627\u064a\u0627 \u0627\u0644\u0631\u0626\u064a\u0633\u064a\u0629 \u0644\u0640 Creditis \u0647\u064a \u0625\u0645\u0643\u0627\u0646\u064a\u0629 \u0627\u0644\u062d\u0635\u0648\u0644 \u0639\u0644\u0649 \u0642\u0631\u0648\u0636 \u0628\u0623\u0633\u0639\u0627\u0631 \u0641\u0627\u0626\u062f\u0629 \u062a\u0646\u0627\u0641\u0633\u064a\u0629. \u0648\u0647\u0630\u0627 \u064a\u0639\u0646\u064a \u0623\u0646\u0647 \u064a\u0645\u0643\u0646\u0643 \u0627\u0644\u0648\u0635\u0648\u0644 \u0625\u0644\u0649 \u0627\u0644\u0623\u0645\u0648\u0627\u0644 \u0627\u0644\u062a\u064a \u062a\u062d\u062a\u0627\u062c\u0647\u0627 \u062f\u0648\u0646 \u0627\u0644\u0627\u0636\u0637\u0631\u0627\u0631 \u0625\u0644\u0649 \u0645\u0648\u0627\u062c\u0647\u0629 \u062a\u0643\u0627\u0644\u064a\u0641 \u0628\u0627\u0647\u0638\u0629. \u062a\u0639\u062f \u0623\u0633\u0639\u0627\u0631 \u0627\u0644\u0641\u0627\u0626\u062f\u0629 \u0644\u062f\u0649 Creditis \u0645\u0646 \u0628\u064a\u0646 \u0623\u062f\u0646\u0649 \u0627\u0644\u0645\u0639\u062f\u0644\u0627\u062a \u0641\u064a \u0627\u0644\u0633\u0648\u0642\u060c \u0645\u0645\u0627 \u064a\u062c\u0639\u0644 \u0642\u0631\u0648\u0636\u0647\u0627 \u062e\u064a\u0627\u0631\u064b\u0627 \u0645\u0646\u0627\u0633\u0628\u064b\u0627.<\/p>\n<p><strong>3. \u0639\u0645\u0644\u064a\u0629 \u0633\u0631\u064a\u0639\u0629 \u0648\u0628\u0633\u064a\u0637\u0629<\/strong><\/p>\n<p>Creditis \u064a\u0628\u0633\u0637 \u0639\u0645\u0644\u064a\u0629 \u0637\u0644\u0628 \u0627\u0644\u0642\u0631\u0636 \u0648\u0627\u0644\u0645\u0648\u0627\u0641\u0642\u0629 \u0639\u0644\u064a\u0647. \u0627\u0644\u0646\u0638\u0627\u0645 \u0627\u0644\u0623\u0633\u0627\u0633\u064a \u0639\u0628\u0631 \u0627\u0644\u0625\u0646\u062a\u0631\u0646\u062a \u0628\u062f\u064a\u0647\u064a \u0648\u0633\u0647\u0644 \u0627\u0644\u0627\u0633\u062a\u062e\u062f\u0627\u0645\u060c \u0648\u0648\u0642\u062a \u0627\u0644\u0627\u0633\u062a\u062c\u0627\u0628\u0629 \u0633\u0631\u064a\u0639. \u064a\u062a\u064a\u062d \u0644\u0643 \u0647\u0630\u0627 \u0627\u0644\u062d\u0635\u0648\u0644 \u0639\u0644\u0649 \u0627\u0644\u0642\u0631\u0636 \u0627\u0644\u0630\u064a \u062a\u062d\u062a\u0627\u062c\u0647 \u062f\u0648\u0646 \u0627\u0646\u062a\u0638\u0627\u0631 \u0637\u0648\u064a\u0644.<\/p>\n<p><strong>4. \u0627\u0644\u0634\u0641\u0627\u0641\u064a\u0629 \u0648\u0627\u0644\u0645\u0648\u062b\u0648\u0642\u064a\u0629<\/strong><\/p>\n<p style=\"text-align: center;\"><a class=\"mb-button mb-style-traditional mb-size-default mb-corners-default mb-text-style-default  broken_link\" style=\"background-color: #2bc470;\" href=\"https:\/\/dicasdorei.com\/ar\/emprestimo-pessoal-creditis-guia-passo-a-passo-para-solicitacao\/\">\u00a0<i class=\"fa fa-arrow-circle-right\"><\/i>\u00a0 \u0643\u064a\u0641\u064a\u0629 \u0627\u0644\u062a\u0642\u062f\u0645 \u0628\u0637\u0644\u0628 \u0644\u0644\u062d\u0635\u0648\u0644 \u0639\u0644\u0649 \u0642\u0631\u0636 \u0634\u062e\u0635\u064a \u0645\u0646 CREDITIS \u27a1\ufe0f<\/a><\/p>\n<p style=\"text-align: center;\"><a class=\"mb-button mb-style-traditional mb-size-default mb-corners-default mb-text-style-default  broken_link\" style=\"background-color: #2bc470;\" href=\"https:\/\/dicasdorei.com\/ar\/emprestimo-pessoal-creditis-guia-passo-a-passo-para-solicitacao\/\">\u00a0<i class=\"fa fa-arrow-circle-right\"><\/i>\u00a0 \u0634\u0627\u0647\u062f \u0623\u0641\u0636\u0644 \u0627\u0644\u0623\u0633\u0639\u0627\u0631 \u27a1\ufe0f<\/a><\/p>\n<p style=\"text-align: center;\"><a class=\"mb-button mb-style-traditional mb-size-default mb-corners-default mb-text-style-default  broken_link\" style=\"background-color: #2bc470;\" href=\"https:\/\/dicasdorei.com\/ar\/emprestimo-pessoal-creditis-guia-passo-a-passo-para-solicitacao\/\">\u00a0<i class=\"fa fa-arrow-circle-right\"><\/i>\u00a0 \u0623\u0641\u0636\u0644 \u0627\u0626\u062a\u0645\u0627\u0646 \u0641\u064a \u0627\u0644\u0633\u0648\u0642 \u27a1\ufe0f<\/a><\/p>\n<p>\u0645\u0639 Creditis\u060c \u0644\u0627 \u062a\u0648\u062c\u062f \u062a\u0643\u0627\u0644\u064a\u0641 \u062e\u0641\u064a\u0629 \u0623\u0648 \u0645\u0641\u0627\u062c\u0622\u062a \u063a\u064a\u0631 \u0633\u0627\u0631\u0629. \u062c\u0645\u064a\u0639 \u0634\u0631\u0648\u0637 \u0648\u0623\u062d\u0643\u0627\u0645 \u0627\u0644\u0642\u0631\u0636 \u0645\u0648\u0636\u062d\u0629 \u0628\u0648\u0636\u0648\u062d \u0645\u0646\u0630 \u0627\u0644\u0628\u062f\u0627\u064a\u0629. \u062a\u0644\u062a\u0632\u0645 Creditis \u0628\u0627\u0644\u062d\u0641\u0627\u0638 \u0639\u0644\u0649 \u062a\u0648\u0627\u0635\u0644 \u0648\u0627\u0636\u062d \u0648\u0634\u0641\u0627\u0641 \u0645\u0639 \u0639\u0645\u0644\u0627\u0626\u0647\u0627.<\/p>\n<p><strong>5. \u062e\u062f\u0645\u0629 \u0639\u0645\u0644\u0627\u0621 \u0645\u062e\u0635\u0635\u0629<\/strong><\/p>\n<p>\u064a\u0642\u062f\u0645 Creditis \u062e\u062f\u0645\u0629 \u0639\u0645\u0644\u0627\u0621 \u0645\u0645\u062a\u0627\u0632\u0629\u060c \u0648\u0647\u0648 \u0645\u062a\u0627\u062d \u0644\u0644\u0625\u062c\u0627\u0628\u0629 \u0639\u0644\u0649 \u0623\u064a \u0623\u0633\u0626\u0644\u0629 \u0623\u0648 \u062a\u0642\u062f\u064a\u0645 \u0627\u0644\u0645\u0633\u0627\u0639\u062f\u0629 \u0641\u064a \u0643\u0644 \u062e\u0637\u0648\u0629 \u0645\u0646 \u0639\u0645\u0644\u064a\u0629 \u0627\u0644\u0642\u0631\u0636. \u064a\u0645\u0643\u0646\u0643 \u0627\u0644\u0627\u0639\u062a\u0645\u0627\u062f \u0639\u0644\u0649 \u0627\u0644\u062f\u0639\u0645 \u0627\u0644\u0645\u062e\u0635\u0635 \u0648\u0627\u0644\u0645\u0647\u0646\u064a.<\/p>\n<h3>\u062e\u0627\u062a\u0645\u0629<\/h3>\n<p>\u064a\u0639\u062f \u0627\u0644\u062d\u0635\u0648\u0644 \u0639\u0644\u0649 \u0642\u0631\u0636 \u0634\u062e\u0635\u064a \u0645\u0646 Creditis \u0639\u0645\u0644\u064a\u0629 \u0628\u0633\u064a\u0637\u0629 \u0648\u0634\u0641\u0627\u0641\u0629. \u0628\u0627\u062a\u0628\u0627\u0639 \u0647\u0630\u0647 \u0627\u0644\u062e\u0637\u0648\u0627\u062a \u0648\u0627\u0644\u0627\u0633\u062a\u0641\u0627\u062f\u0629 \u0645\u0646 \u0627\u0644\u0645\u0632\u0627\u064a\u0627 \u0627\u0644\u0645\u0642\u062f\u0645\u0629\u060c \u064a\u0645\u0643\u0646\u0643 \u0627\u0644\u062d\u0635\u0648\u0644 \u0639\u0644\u0649 \u0627\u0644\u062a\u0645\u0648\u064a\u0644 \u0627\u0644\u0630\u064a \u062a\u062d\u062a\u0627\u062c\u0647 \u0628\u0633\u0631\u0639\u0629 \u0648\u0633\u0647\u0648\u0644\u0629. Creditis \u0647\u0648 \u0627\u0644\u0634\u0631\u064a\u0643 \u0627\u0644\u0645\u062b\u0627\u0644\u064a \u0644\u0627\u062d\u062a\u064a\u0627\u062c\u0627\u062a\u0643 \u0627\u0644\u0645\u0627\u0644\u064a\u0629\u060c \u0648\u064a\u0636\u0645\u0646 \u0627\u0644\u0645\u0631\u0648\u0646\u0629 \u0648\u0627\u0644\u0623\u0633\u0639\u0627\u0631 \u0627\u0644\u062a\u0646\u0627\u0641\u0633\u064a\u0629 \u0648\u062e\u062f\u0645\u0629 \u0627\u0644\u0639\u0645\u0644\u0627\u0621 \u0627\u0644\u0645\u0645\u062a\u0627\u0632\u0629. \u0644\u0627 \u062a\u062a\u0631\u062f\u062f \u0641\u064a \u062a\u0642\u062f\u064a\u0645 \u0637\u0644\u0628\u0643 \u0648\u0627\u0643\u062a\u0634\u0641 \u0643\u064a\u0641 \u064a\u0645\u0643\u0646 \u0623\u0646 \u064a\u0633\u0627\u0639\u062f\u0643 Creditis \u0641\u064a \u062a\u062d\u0642\u064a\u0642 \u0623\u0647\u062f\u0627\u0641\u0643 \u0627\u0644\u0645\u0627\u0644\u064a\u0629.<\/p>\n<\/body><\/html>","protected":false},"excerpt":{"rendered":"<p>Obter um empr\u00e9stimo pessoal pode parecer um processo complicado, mas com a Creditis, \u00e9 simples e transparente. Neste guia, exploraremos as etapas principais para obter um empr\u00e9stimo pessoal com a Creditis, al\u00e9m das vantagens de escolher essa op\u00e7\u00e3o para atender \u00e0s suas necessidades financeiras. \u00a0\u00a0 COMO SOLICITAR UM EMPRESTIMO PESSOAL CREDITIS \u27a1\ufe0f \u00a0\u00a0 VEJA AS [&hellip;]<\/p>\n","protected":false},"author":1,"featured_media":0,"parent":0,"menu_order":0,"comment_status":"closed","ping_status":"closed","template":"","meta":{"footnotes":""},"class_list":["post-7985","page","type-page","status-publish","hentry"],"_links":{"self":[{"href":"https:\/\/dicasdorei.com\/ar\/wp-json\/wp\/v2\/pages\/7985","targetHints":{"allow":["GET"]}}],"collection":[{"href":"https:\/\/dicasdorei.com\/ar\/wp-json\/wp\/v2\/pages"}],"about":[{"href":"https:\/\/dicasdorei.com\/ar\/wp-json\/wp\/v2\/types\/page"}],"author":[{"embeddable":true,"href":"https:\/\/dicasdorei.com\/ar\/wp-json\/wp\/v2\/users\/1"}],"replies":[{"embeddable":true,"href":"https:\/\/dicasdorei.com\/ar\/wp-json\/wp\/v2\/comments?post=7985"}],"version-history":[{"count":6,"href":"https:\/\/dicasdorei.com\/ar\/wp-json\/wp\/v2\/pages\/7985\/revisions"}],"predecessor-version":[{"id":8010,"href":"https:\/\/dicasdorei.com\/ar\/wp-json\/wp\/v2\/pages\/7985\/revisions\/8010"}],"wp:attachment":[{"href":"https:\/\/dicasdorei.com\/ar\/wp-json\/wp\/v2\/media?parent=7985"}],"curies":[{"name":"\u0648\u0648\u0631\u062f\u0628\u0631\u064a\u0633","href":"https:\/\/api.w.org\/{rel}","templated":true}]}}