{"id":7418,"date":"2024-02-15T05:03:22","date_gmt":"2024-02-15T08:03:22","guid":{"rendered":"https:\/\/dicasdorei.com\/?page_id=7418"},"modified":"2024-02-15T05:26:22","modified_gmt":"2024-02-15T08:26:22","slug":"bbb24","status":"publish","type":"page","link":"https:\/\/dicasdorei.com\/ar\/bbb24\/","title":{"rendered":"BBB24"},"content":{"rendered":"<html><body><h2><a href=\"https:\/\/dicasdorei.com\/ar\/aplicativos\/aplicativo-para-assistir-o-bbb24-ao-vivo\/\" class=\"broken_link\"><b><u>\u062a\u0637\u0628\u064a\u0642 \u0644\u0645\u0634\u0627\u0647\u062f\u0629 BBB24 \u0645\u0628\u0627\u0634\u0631<br>\n<\/u><\/b><\/a><\/h2>\n<style>\n.progress {\n    display: flex;\n    height: 5px;\n    overflow: hidden;\n    font-size: .75rem;\n    background-color: #e9ecef;\n    border-radius: .25rem;\n}\n.progress-bar {\n    display: flex;\n    flex-direction: column;\n    justify-content: center;\n    overflow: hidden;\n    color: #fff;\n    text-align: center;\n    white-space: nowrap;\n    background-color: #0d6efd;\n    transition: width .6s ease;\n}\nli.elementor-icon-list-item {\n    background-color: #f3f4f6;\n    padding: 15px!important;\n    border-radius: 5px;\n}\n<\/style>\n<p><strong>\u0645\u0631\u062d\u0628\u0627\u064b!!<\/strong> <strong>\u0627\u0643\u062a\u0634\u0641 \u0627\u0644\u0637\u0631\u064a\u0642\u0629 \u0627\u0644\u0645\u062b\u0627\u0644\u064a\u0629 \u0644\u0645\u062a\u0627\u0628\u0639\u0629 \u0628\u0631\u0646\u0627\u0645\u062c Big Brother Brasil 24.<\/strong> \u0627\u0633\u062a\u0645\u062a\u0639 \u0628\u0625\u062b\u0627\u0631\u0629 \u0628\u0631\u0646\u0627\u0645\u062c \u0627\u0644\u0648\u0627\u0642\u0639 \u0627\u0644\u0628\u0631\u0627\u0632\u064a\u0644\u064a \u0627\u0644\u0623\u0643\u062b\u0631 \u062a\u0634\u0648\u064a\u0642\u064b\u0627 \u0645\u0628\u0627\u0634\u0631\u0629\u064b \u0639\u0644\u0649 \u062c\u0647\u0627\u0632\u0643. \u0645\u0639 \u0647\u0630\u0627 \u0627\u0644\u062a\u0637\u0628\u064a\u0642\u060c \u0633\u062a\u0643\u0648\u0646 \u062f\u0627\u0626\u0645\u064b\u0627 \u0641\u064a \u0642\u0644\u0628 \u0627\u0644\u062d\u062f\u062b \u0627\u0644\u0623\u0643\u062b\u0631 \u0645\u0634\u0627\u0647\u062f\u0629\u064b \u0641\u064a \u0627\u0644\u0628\u0644\u0627\u062f\u060c \u0645\u0639 \u0625\u0645\u0643\u0627\u0646\u064a\u0629 \u0627\u0644\u0648\u0635\u0648\u0644 \u0625\u0644\u0649 \u0643\u0627\u0645\u064a\u0631\u0627\u062a \u0627\u0644\u0628\u062b \u0627\u0644\u0645\u0628\u0627\u0634\u0631 \u0639\u0644\u0649 \u0645\u062f\u0627\u0631 \u0627\u0644\u0633\u0627\u0639\u0629 \u0637\u0648\u0627\u0644 \u0623\u064a\u0627\u0645 \u0627\u0644\u0623\u0633\u0628\u0648\u0639\u060c \u0641\u0644\u0627 \u062a\u0641\u0648\u062a \u0623\u064a \u0644\u062d\u0638\u0629\u060c \u0644\u064a\u0644\u064b\u0627 \u0623\u0648 \u0646\u0647\u0627\u0631\u064b\u0627.<\/p>\n<p>\t\t\t\t\t\t\t\t\t\t\t\t\t\t<a href=\"https:\/\/dicasdorei.com\/ar\/aplicativos\/aplicativo-para-assistir-o-bbb24-ao-vivo\/\" class=\"broken_link\"><br>\n\t\t\t\t\t\t\t<img loading=\"lazy\" decoding=\"async\" width=\"768\" height=\"853\" src=\"https:\/\/dicasdorei.com\/wp-content\/uploads\/2024\/02\/filters_quality75-1.webp\" alt=\"\" srcset=\"https:\/\/dicasdorei.com\/wp-content\/uploads\/2024\/02\/filters_quality75-1.webp 768w, https:\/\/dicasdorei.com\/wp-content\/uploads\/2024\/02\/filters_quality75-1-270x300.webp 270w, https:\/\/dicasdorei.com\/wp-content\/uploads\/2024\/02\/filters_quality75-1-11x12.webp 11w\" sizes=\"auto, (max-width: 768px) 100vw, 768px\">\t\t\t\t\t\t\t\t<\/a><\/p>\n<h2><a href=\"https:\/\/dicasdorei.com\/ar\/aplicativos\/aplicativo-para-assistir-o-bbb24-ao-vivo\/\" class=\"broken_link\">\u062a\u0637\u0628\u064a\u0642 \u0644\u0645\u0634\u0627\u0647\u062f\u0629 BBB24 \u0645\u0628\u0627\u0634\u0631<\/a><\/h2>\n<ul>\n<li><strong>\u0648\u0635\u0648\u0644 \u063a\u064a\u0631 \u0645\u062d\u062f\u0648\u062f:<\/strong> \u0634\u0627\u0647\u062f \u062c\u0645\u064a\u0639 \u0643\u0627\u0645\u064a\u0631\u0627\u062a BBB24 \u0627\u0644\u0645\u0628\u0627\u0634\u0631\u0629\u060c \u0645\u0639 \u062d\u0631\u064a\u0629 \u0627\u0644\u062a\u0628\u062f\u064a\u0644 \u0628\u064a\u0646 \u0627\u0644\u0632\u0648\u0627\u064a\u0627 \u0627\u0644\u0645\u062e\u062a\u0644\u0641\u0629 \u0643\u0645\u0627 \u0644\u0648 \u0643\u0646\u062a \u0647\u0646\u0627\u0643.<\/li>\n<li><strong>\u062a\u0646\u0628\u064a\u0647\u0627\u062a \u0641\u064a \u0627\u0644\u0648\u0642\u062a \u0627\u0644\u062d\u0642\u064a\u0642\u064a:<\/strong> \u0627\u062d\u0635\u0644 \u0639\u0644\u0649 \u0625\u0634\u0639\u0627\u0631\u0627\u062a \u062d\u0648\u0644 \u0627\u0644\u0623\u062d\u062f\u0627\u062b \u0627\u0644\u0645\u0647\u0645\u0629 \u0648\u062a\u063a\u064a\u064a\u0631\u0627\u062a \u0627\u0644\u0644\u0639\u0628\u0629 \u062d\u062a\u0649 \u062a\u062a\u0645\u0643\u0646 \u0645\u0646 \u0645\u062a\u0627\u0628\u0639\u062a\u0647\u0627 \u0641\u064a \u0627\u0644\u0644\u062d\u0638\u0627\u062a \u0627\u0644\u0623\u0643\u062b\u0631 \u0623\u0647\u0645\u064a\u0629.<\/li>\n<li><strong>\u0627\u0644\u0645\u062d\u062a\u0648\u0649 \u0627\u0644\u062d\u0635\u0631\u064a:<\/strong> \u0627\u0633\u062a\u0645\u062a\u0639 \u0628\u0627\u0644\u0645\u0642\u0627\u0628\u0644\u0627\u062a \u0648\u0627\u0644\u062a\u062d\u0644\u064a\u0644\u0627\u062a \u0648\u0627\u0644\u0645\u062d\u062a\u0648\u0649 \u0627\u0644\u062e\u0627\u0635 \u0627\u0644\u0645\u062a\u0627\u062d \u0641\u0642\u0637 \u0644\u0645\u0633\u062a\u062e\u062f\u0645\u064a \u0627\u0644\u062a\u0637\u0628\u064a\u0642.<\/li>\n<li><strong>\u0627\u0644\u062a\u0641\u0627\u0639\u0644\u064a\u0629:<\/strong> \u0642\u0645 \u0628\u0627\u0644\u062a\u0635\u0648\u064a\u062a \u0639\u0644\u0649 \u0627\u0644\u062c\u062f\u0631\u0627\u0646\u060c \u0648\u0634\u0627\u0631\u0643 \u0641\u064a \u0627\u0644\u0627\u0633\u062a\u0637\u0644\u0627\u0639\u0627\u062a\u060c \u0648\u0627\u062d\u0635\u0644 \u0639\u0644\u0649 \u0641\u0631\u0635\u0629 \u0627\u0644\u062a\u0623\u062b\u064a\u0631 \u0639\u0644\u0649 \u0627\u0644\u0644\u0639\u0628\u0629 \u0645\u0628\u0627\u0634\u0631\u0629 \u0645\u0646 \u0647\u0627\u062a\u0641\u0643 \u0627\u0644\u0630\u0643\u064a.<\/li>\n<li><strong>\u062c\u0648\u062f\u0629 \u0639\u0627\u0644\u064a\u0629 \u0627\u0644\u062f\u0642\u0629:<\/strong> \u0627\u0633\u062a\u0645\u062a\u0639 \u0628\u062a\u062c\u0631\u0628\u0629 \u0645\u0634\u0627\u0647\u062f\u0629 \u0639\u0627\u0644\u064a\u0629 \u0627\u0644\u062c\u0648\u062f\u0629\u060c \u062a\u0636\u0645\u0646 \u0644\u0643 \u0631\u0624\u064a\u0629 \u0643\u0644 \u062a\u0641\u0627\u0635\u064a\u0644 \u0645\u0627 \u064a\u062d\u062f\u062b \u0641\u064a \u0627\u0644\u0645\u0646\u0632\u0644.<\/li>\n<\/ul>\n<p>\t\t\t<a href=\"https:\/\/dicasdorei.com\/ar\/aplicativos\/aplicativo-para-assistir-o-bbb24-ao-vivo\/\" class=\"broken_link\"><br>\n\t\t\t\t\t\t\u27a1 \u062a\u0637\u0628\u064a\u0642 \u0644\u0645\u0634\u0627\u0647\u062f\u0629 BBB24 \u0645\u0628\u0627\u0634\u0631<br>\n\t\t\t\t\t<\/a><\/p>\n<h3><a href=\"https:\/\/dicasdorei.com\/ar\/aplicativos\/aplicativo-para-assistir-o-bbb24-ao-vivo\/\" class=\"broken_link\"><b>\u0645\u0645\u064a\u0632\u0627\u062a \u062a\u0637\u0628\u064a\u0642 \u0645\u0634\u0627\u0647\u062f\u0629 BBB24 LIVE<\/b><\/a><\/h3>\n<ul>\n<li>\n\t\t\t\t\t\t\t\t\t\t\t<a href=\"https:\/\/dicasdorei.com\/ar\/aplicativos\/aplicativo-para-assistir-o-bbb24-ao-vivo\/\" class=\"broken_link\"><br>\n\t\t\t\t\t\t\t\t\t\t<font color=\"#000000\" face=\"Roboto, RobotoDraft, Helvetica, Arial, sans-serif\">\u062a\u0637\u0628\u064a\u0642 \u0645\u062c\u0627\u0646\u064a<\/font><br>\n\t\t\t\t\t\t\t\t\t\t\t<\/a>\n\t\t\t\t\t\t\t\t\t<\/li>\n<li>\n\t\t\t\t\t\t\t\t\t\t\t<a href=\"https:\/\/dicasdorei.com\/ar\/aplicativos\/aplicativo-para-assistir-o-bbb24-ao-vivo\/\" class=\"broken_link\"><br>\n\t\t\t\t\t\t\t\t\t\t\u0644\u0627 \u0627\u0646\u0642\u0637\u0627\u0639\u0627\u062a<br>\n\t\t\t\t\t\t\t\t\t\t\t<\/a>\n\t\t\t\t\t\t\t\t\t<\/li>\n<li>\n\t\t\t\t\t\t\t\t\t\t\t<a href=\"https:\/\/dicasdorei.com\/ar\/aplicativos\/aplicativo-para-assistir-o-bbb24-ao-vivo\/\" class=\"broken_link\"><br>\n\t\t\t\t\t\t\t\t\t\t\u062a\u0627\u0628\u0639\u0646\u0627 \u0645\u0646 \u0623\u064a \u0645\u0643\u0627\u0646<br>\n\t\t\t\t\t\t\t\t\t\t\t<\/a>\n\t\t\t\t\t\t\t\t\t<\/li>\n<li>\n\t\t\t\t\t\t\t\t\t\t\t<a href=\"https:\/\/dicasdorei.com\/ar\/aplicativos\/aplicativo-para-assistir-o-bbb24-ao-vivo\/\" class=\"broken_link\"><br>\n\t\t\t\t\t\t\t\t\t\t\u0648\u0635\u0648\u0644 \u063a\u064a\u0631 \u0645\u062d\u062f\u0648\u062f<br>\n\t\t\t\t\t\t\t\t\t\t\t<\/a>\n\t\t\t\t\t\t\t\t\t<\/li>\n<\/ul>\n<ul>\n<li>\n\t\t\t\t\t\t\t\t\t\t\t<a href=\"https:\/\/dicasdorei.com\/ar\/aplicativos\/aplicativo-para-assistir-o-bbb24-ao-vivo\/\" class=\"broken_link\"><br>\n\t\t\t\t\t\t\t\t\t\t\u0633\u0647\u0644 \u0627\u0644\u062a\u062b\u0628\u064a\u062a \u0648\u0627\u0644\u0627\u0633\u062a\u062e\u062f\u0627\u0645<br>\n\t\t\t\t\t\t\t\t\t\t\t<\/a>\n\t\t\t\t\t\t\t\t\t<\/li>\n<li>\n\t\t\t\t\t\t\t\t\t\t\t<a href=\"https:\/\/dicasdorei.com\/ar\/aplicativos\/aplicativo-para-assistir-o-bbb24-ao-vivo\/\" class=\"broken_link\"><br>\n\t\t\t\t\t\t\t\t\t\t\u0644\u0627 \u062a\u062d\u062a\u0627\u062c \u0625\u0644\u0649 \u0627\u0644\u062a\u0648\u0642\u064a\u0639 \u0639\u0644\u0649 \u0623\u064a \u0634\u064a\u0621<br>\n\t\t\t\t\t\t\t\t\t\t\t<\/a>\n\t\t\t\t\t\t\t\t\t<\/li>\n<li>\n\t\t\t\t\t\t\t\t\t\t\t<a href=\"https:\/\/dicasdorei.com\/ar\/aplicativos\/aplicativo-para-assistir-o-bbb24-ao-vivo\/\" class=\"broken_link\"><br>\n\t\t\t\t\t\t\t\t\t\t\u0645\u062d\u062a\u0648\u0649 \u062d\u0635\u0631\u064a<br>\n\t\t\t\t\t\t\t\t\t\t\t<\/a>\n\t\t\t\t\t\t\t\t\t<\/li>\n<li>\n\t\t\t\t\t\t\t\t\t\t\t<a href=\"https:\/\/dicasdorei.com\/ar\/aplicativos\/aplicativo-para-assistir-o-bbb24-ao-vivo\/\" class=\"broken_link\"><br>\n\t\t\t\t\t\t\t\t\t\t\u0643\u0627\u0645\u064a\u0631\u0627\u062a \u062d\u0635\u0631\u064a\u0629<br>\n\t\t\t\t\t\t\t\t\t\t\t<\/a>\n\t\t\t\t\t\t\t\t\t<\/li>\n<\/ul>\n<p>\u00a0<\/p>\n<p>\u0644\u0627 \u062a\u0641\u0648\u0651\u062a\u0648\u0627 \u0627\u0644\u0646\u0633\u062e\u0629 \u0627\u0644\u0623\u0643\u062b\u0631 \u0627\u0628\u062a\u0643\u0627\u0631\u064b\u0627 \u0645\u0646 \u0628\u0631\u0646\u0627\u0645\u062c &quot;\u0627\u0644\u0623\u062e \u0627\u0644\u0623\u0643\u0628\u0631 \u0627\u0644\u0628\u0631\u0627\u0632\u064a\u0644&quot;. \u0644\u062f\u064a\u0643\u0645 \u0628\u0637\u0627\u0642\u0629 VIP \u0644\u0645\u0634\u0627\u0647\u062f\u0629 \u062c\u0645\u064a\u0639 \u0627\u0644\u0645\u0624\u0627\u0645\u0631\u0627\u062a \u0648\u0627\u0644\u0645\u062d\u0627\u0643\u0645\u0629 \u0648\u0627\u0644\u0642\u0635\u0635 \u0627\u0644\u0631\u0648\u0645\u0627\u0646\u0633\u064a\u0629 \u0645\u0628\u0627\u0634\u0631\u0629\u064b. <strong>\u0642\u0645 \u0628\u0627\u0644\u062a\u062d\u0645\u064a\u0644 \u0627\u0644\u0622\u0646 \u0648\u0643\u0646 \u062c\u0632\u0621\u064b\u0627 \u0645\u0646 \u062a\u062c\u0631\u0628\u0629 BBB24 \u0643\u0645\u0627 \u0644\u0645 \u064a\u062d\u062f\u062b \u0645\u0646 \u0642\u0628\u0644!<\/strong>..<\/p>\n<p>\u00a0<\/p>\n<p>\u00a0<\/p>\n<p>\t\t\t<a href=\"https:\/\/dicasdorei.com\/ar\/aplicativos\/aplicativo-para-assistir-o-bbb24-ao-vivo\/\" class=\"broken_link\"><br>\n\t\t\t\t\t\t???? \u0642\u0645 \u0628\u062a\u0646\u0632\u064a\u0644 \u0627\u0644\u062a\u0637\u0628\u064a\u0642 \u0644\u0645\u0634\u0627\u0647\u062f\u0629 BBB24 \u0645\u0628\u0627\u0634\u0631\u064b\u0627<br>\n\t\t\t\t\t<\/a><\/p>\n<\/body><\/html>","protected":false},"excerpt":{"rendered":"<p>Aplicativo para Assistir BBB24 ao vivo Bem-vindo!! Descubra a forma definitiva de acompanhar o Big Brother Brasil 24. Experimente a emo\u00e7\u00e3o do reality show mais envolvente do Brasil ao vivo, diretamente no seu dispositivo. Com este aplicativo, voc\u00ea est\u00e1 sempre no cora\u00e7\u00e3o da casa mais vigiada do pa\u00eds, com acesso a c\u00e2meras ao vivo 24\/7, [&hellip;]<\/p>\n","protected":false},"author":1,"featured_media":0,"parent":0,"menu_order":0,"comment_status":"closed","ping_status":"closed","template":"elementor_canvas","meta":{"footnotes":""},"class_list":["post-7418","page","type-page","status-publish","hentry"],"_links":{"self":[{"href":"https:\/\/dicasdorei.com\/ar\/wp-json\/wp\/v2\/pages\/7418","targetHints":{"allow":["GET"]}}],"collection":[{"href":"https:\/\/dicasdorei.com\/ar\/wp-json\/wp\/v2\/pages"}],"about":[{"href":"https:\/\/dicasdorei.com\/ar\/wp-json\/wp\/v2\/types\/page"}],"author":[{"embeddable":true,"href":"https:\/\/dicasdorei.com\/ar\/wp-json\/wp\/v2\/users\/1"}],"replies":[{"embeddable":true,"href":"https:\/\/dicasdorei.com\/ar\/wp-json\/wp\/v2\/comments?post=7418"}],"version-history":[{"count":9,"href":"https:\/\/dicasdorei.com\/ar\/wp-json\/wp\/v2\/pages\/7418\/revisions"}],"predecessor-version":[{"id":7442,"href":"https:\/\/dicasdorei.com\/ar\/wp-json\/wp\/v2\/pages\/7418\/revisions\/7442"}],"wp:attachment":[{"href":"https:\/\/dicasdorei.com\/ar\/wp-json\/wp\/v2\/media?parent=7418"}],"curies":[{"name":"\u0648\u0648\u0631\u062f\u0628\u0631\u064a\u0633","href":"https:\/\/api.w.org\/{rel}","templated":true}]}}